{"id":1463,"date":"2020-10-14T14:23:42","date_gmt":"2020-10-14T18:23:42","guid":{"rendered":"http:\/\/corpoeducjeunesse.org\/?page_id=1463"},"modified":"2024-09-13T19:03:41","modified_gmt":"2024-09-13T19:03:41","slug":"education-jeunesse","status":"publish","type":"page","link":"https:\/\/staging.corpoeducjeunesse.org\/clone\/?page_id=1463","title":{"rendered":"Activit\u00e9s \u00e9ducatives"},"content":{"rendered":"\n<p>La C\u00c9J \u00e9labore et diffuse des programmes de formations et des projets \u00e9ducatifs destin\u00e9s \u00e0 des jeunes, en partenariat avec des organismes scolaires, coll\u00e9giaux et communautaires.\u00a0Les enseignements qu\u2019ils offrent ont pour but de doter les jeunes de connaissances, de comp\u00e9tences et d\u2019habilet\u00e9s propices \u00e0 leur \u00e9panouissement individuel et \u00e0 leur engagement social et communautaire. En cliquant sur les onglets suivants, vous pouvez en savoir plus sur nos diff\u00e9rentes activit\u00e9s offertes aux jeunes. <\/p>\n\n\n\n<p><br><strong><span style=\"text-decoration:underline;\"><a href=\"https:\/\/staging.corpoeducjeunesse.org\/clone\/?page_id=74\" data-type=\"page\" data-id=\"74\">Projet Parrainage<\/a><\/span><br>Ateliers passage primaire-secondaire<span style=\"text-decoration:underline;\"><br><a href=\"https:\/\/staging.corpoeducjeunesse.org\/clone\/?page_id=209\" data-type=\"page\" data-id=\"209\">Leadership: conseil et comit\u00e9s d&rsquo;\u00e9l\u00e8ves<\/a><br><a href=\"https:\/\/staging.corpoeducjeunesse.org\/clone\/?page_id=213\" data-type=\"page\" data-id=\"213\">Citoyen du monde<\/a><br><a href=\"https:\/\/staging.corpoeducjeunesse.org\/clone\/?page_id=217\" data-type=\"page\" data-id=\"217\">Formation en techniques d&rsquo;animation<\/a><br><a href=\"https:\/\/staging.corpoeducjeunesse.org\/clone\/?page_id=230\" data-type=\"page\" data-id=\"230\">Session de formation interculturelle<\/a><\/span><\/strong><\/p>\n","protected":false},"excerpt":{"rendered":"<p>La C\u00c9J \u00e9labore et diffuse des programmes de formations et des projets \u00e9ducatifs destin\u00e9s \u00e0 des jeunes, en partenariat avec des organismes scolaires, coll\u00e9giaux et communautaires.\u00a0Les enseignements qu\u2019ils offrent ont pour but de doter les jeunes de connaissances, de comp\u00e9tences et d\u2019habilet\u00e9s propices \u00e0 leur \u00e9panouissement individuel et \u00e0 leur engagement social et communautaire. En [&hellip;]<\/p>\n","protected":false},"author":2,"featured_media":0,"parent":0,"menu_order":0,"comment_status":"closed","ping_status":"closed","template":"","meta":{"footnotes":""},"class_list":["post-1463","page","type-page","status-publish","hentry"],"_links":{"self":[{"href":"https:\/\/staging.corpoeducjeunesse.org\/clone\/index.php?rest_route=\/wp\/v2\/pages\/1463","targetHints":{"allow":["GET"]}}],"collection":[{"href":"https:\/\/staging.corpoeducjeunesse.org\/clone\/index.php?rest_route=\/wp\/v2\/pages"}],"about":[{"href":"https:\/\/staging.corpoeducjeunesse.org\/clone\/index.php?rest_route=\/wp\/v2\/types\/page"}],"author":[{"embeddable":true,"href":"https:\/\/staging.corpoeducjeunesse.org\/clone\/index.php?rest_route=\/wp\/v2\/users\/2"}],"replies":[{"embeddable":true,"href":"https:\/\/staging.corpoeducjeunesse.org\/clone\/index.php?rest_route=%2Fwp%2Fv2%2Fcomments&post=1463"}],"version-history":[{"count":4,"href":"https:\/\/staging.corpoeducjeunesse.org\/clone\/index.php?rest_route=\/wp\/v2\/pages\/1463\/revisions"}],"predecessor-version":[{"id":1975,"href":"https:\/\/staging.corpoeducjeunesse.org\/clone\/index.php?rest_route=\/wp\/v2\/pages\/1463\/revisions\/1975"}],"wp:attachment":[{"href":"https:\/\/staging.corpoeducjeunesse.org\/clone\/index.php?rest_route=%2Fwp%2Fv2%2Fmedia&parent=1463"}],"curies":[{"name":"wp","href":"https:\/\/api.w.org\/{rel}","templated":true}]}}