{"id":1468,"date":"2020-10-14T14:30:22","date_gmt":"2020-10-14T18:30:22","guid":{"rendered":"http:\/\/corpoeducjeunesse.org\/?page_id=1468"},"modified":"2024-09-13T18:47:35","modified_gmt":"2024-09-13T18:47:35","slug":"activites-familiales","status":"publish","type":"page","link":"https:\/\/staging.corpoeducjeunesse.org\/clone\/?page_id=1468","title":{"rendered":"Activit\u00e9s familiales"},"content":{"rendered":"\n<figure class=\"wp-block-image size-large is-resized\"><img loading=\"lazy\" decoding=\"async\" width=\"1024\" height=\"769\" src=\"https:\/\/staging.corpoeducjeunesse.org\/clone\/wp-content\/uploads\/2024\/09\/evasion-jeramy-2023-1024x769.jpg\" alt=\"\" class=\"wp-image-1965\" style=\"width:506px;height:auto\" srcset=\"https:\/\/staging.corpoeducjeunesse.org\/clone\/wp-content\/uploads\/2024\/09\/evasion-jeramy-2023-1024x769.jpg 1024w, https:\/\/staging.corpoeducjeunesse.org\/clone\/wp-content\/uploads\/2024\/09\/evasion-jeramy-2023-300x225.jpg 300w, https:\/\/staging.corpoeducjeunesse.org\/clone\/wp-content\/uploads\/2024\/09\/evasion-jeramy-2023-768x576.jpg 768w, https:\/\/staging.corpoeducjeunesse.org\/clone\/wp-content\/uploads\/2024\/09\/evasion-jeramy-2023-1536x1153.jpg 1536w, https:\/\/staging.corpoeducjeunesse.org\/clone\/wp-content\/uploads\/2024\/09\/evasion-jeramy-2023.jpg 2048w\" sizes=\"auto, (max-width: 1024px) 100vw, 1024px\" \/><\/figure>\n\n\n\n<p>En plus de nos activit\u00e9s destin\u00e9es aux jeunes, l&rsquo;organisme propose aussi certaines activit\u00e9s et projets pour les familles. Ils ont comme mission\u00a0de\u00a0permettre \u00e0 des familles fragilis\u00e9es de vivre des solidarit\u00e9s, de pr\u00e9ciser leur identit\u00e9, de prendre un temps d\u2019arr\u00eat dans leur vie, de prendre le temps de souffler, de se questionner et de se rendre disponible pour les autres autour de nous. Ils permettent aussi aux familles de se ressourcer, de r\u00e9seauter avec d\u2019autres familles vivant parfois une situation semblable \u00e0 la leur et de renforcer leurs liens familiaux.<\/p>\n\n\n\n<p>Vous pouvez avoir plus d&rsquo;informations sur ces activit\u00e9s en cliquant sur les liens suivant. <\/p>\n\n\n\n<p><strong><a href=\"https:\/\/staging.corpoeducjeunesse.org\/clone\/?page_id=167\" data-type=\"page\" data-id=\"167\" target=\"_blank\" rel=\"noreferrer noopener\">\u00c9vasion familiale<\/a><\/strong><\/p>\n","protected":false},"excerpt":{"rendered":"<p>En plus de nos activit\u00e9s destin\u00e9es aux jeunes, l&rsquo;organisme propose aussi certaines activit\u00e9s et projets pour les familles. Ils ont comme mission\u00a0de\u00a0permettre \u00e0 des familles fragilis\u00e9es de vivre des solidarit\u00e9s, de pr\u00e9ciser leur identit\u00e9, de prendre un temps d\u2019arr\u00eat dans leur vie, de prendre le temps de souffler, de se questionner et de se rendre [&hellip;]<\/p>\n","protected":false},"author":2,"featured_media":0,"parent":0,"menu_order":0,"comment_status":"closed","ping_status":"closed","template":"","meta":{"footnotes":""},"class_list":["post-1468","page","type-page","status-publish","hentry"],"_links":{"self":[{"href":"https:\/\/staging.corpoeducjeunesse.org\/clone\/index.php?rest_route=\/wp\/v2\/pages\/1468","targetHints":{"allow":["GET"]}}],"collection":[{"href":"https:\/\/staging.corpoeducjeunesse.org\/clone\/index.php?rest_route=\/wp\/v2\/pages"}],"about":[{"href":"https:\/\/staging.corpoeducjeunesse.org\/clone\/index.php?rest_route=\/wp\/v2\/types\/page"}],"author":[{"embeddable":true,"href":"https:\/\/staging.corpoeducjeunesse.org\/clone\/index.php?rest_route=\/wp\/v2\/users\/2"}],"replies":[{"embeddable":true,"href":"https:\/\/staging.corpoeducjeunesse.org\/clone\/index.php?rest_route=%2Fwp%2Fv2%2Fcomments&post=1468"}],"version-history":[{"count":5,"href":"https:\/\/staging.corpoeducjeunesse.org\/clone\/index.php?rest_route=\/wp\/v2\/pages\/1468\/revisions"}],"predecessor-version":[{"id":1966,"href":"https:\/\/staging.corpoeducjeunesse.org\/clone\/index.php?rest_route=\/wp\/v2\/pages\/1468\/revisions\/1966"}],"wp:attachment":[{"href":"https:\/\/staging.corpoeducjeunesse.org\/clone\/index.php?rest_route=%2Fwp%2Fv2%2Fmedia&parent=1468"}],"curies":[{"name":"wp","href":"https:\/\/api.w.org\/{rel}","templated":true}]}}