{"id":167,"date":"2018-09-18T12:58:16","date_gmt":"2018-09-18T16:58:16","guid":{"rendered":"https:\/\/corpoeducjeunesse.wordpress.com\/?page_id=167"},"modified":"2024-09-13T18:59:11","modified_gmt":"2024-09-13T18:59:11","slug":"evasion-familiale","status":"publish","type":"page","link":"https:\/\/staging.corpoeducjeunesse.org\/clone\/?page_id=167","title":{"rendered":"S\u00e9jours \u00c9vasion Familiale"},"content":{"rendered":"\n<figure class=\"wp-block-image size-large\"><img loading=\"lazy\" decoding=\"async\" width=\"1024\" height=\"769\" src=\"https:\/\/staging.corpoeducjeunesse.org\/clone\/wp-content\/uploads\/2024\/09\/evasion-jeramy-2023-1-1024x769.jpg\" alt=\"\" class=\"wp-image-1967\" srcset=\"https:\/\/staging.corpoeducjeunesse.org\/clone\/wp-content\/uploads\/2024\/09\/evasion-jeramy-2023-1-1024x769.jpg 1024w, https:\/\/staging.corpoeducjeunesse.org\/clone\/wp-content\/uploads\/2024\/09\/evasion-jeramy-2023-1-300x225.jpg 300w, https:\/\/staging.corpoeducjeunesse.org\/clone\/wp-content\/uploads\/2024\/09\/evasion-jeramy-2023-1-768x576.jpg 768w, https:\/\/staging.corpoeducjeunesse.org\/clone\/wp-content\/uploads\/2024\/09\/evasion-jeramy-2023-1-1536x1153.jpg 1536w, https:\/\/staging.corpoeducjeunesse.org\/clone\/wp-content\/uploads\/2024\/09\/evasion-jeramy-2023-1.jpg 2048w\" sizes=\"auto, (max-width: 1024px) 100vw, 1024px\" \/><\/figure>\n\n\n\n<p>Les s\u00e9jours \u00c9vasion familiale s\u2019adressent \u00e0 des familles en situation de vuln\u00e9rabilit\u00e9 ayant au moins un enfant \u00e2g\u00e9 entre 0 et 5 ans et qui sont r\u00e9sidentes des quartiers Villeray ou La Petite-Patrie. Le temps d\u2019une fin de semaine, les familles se font offrir une multitude d\u2019activit\u00e9s int\u00e9rieures et ext\u00e9rieures sur une base de plein air dans le but de leur faire passer du bon temps en famille, mais aussi pour renforcer leurs liens familiaux, pour leur permettre de prendre un temps d\u2019arr\u00eat, de se reposer et de r\u00e9seauter avec d\u2019autres familles. Elles sont \u00e9galement accompagn\u00e9es par une dizaine de jeunes animateurs qui sont l\u00e0 pour pr\u00e9parer des activit\u00e9s familiales amusantes et jouer avec les enfants.<br><br>Les s\u00e9jours ont lieu au camp de La Salle, une base de plein air situ\u00e9e \u00e0 Saint-Alphonse-Rodriguez (avant 2018, les camps avaient lieu au Centre in&rsquo;Afu \u00e0 Saint-Esprit et entre 2020 et 2022, les camps avaient lieu \u00e0 Plein Air Lanaudia et au camp de Grandpr\u00e9).<\/p>\n\n\n\n<figure class=\"wp-block-image size-large\"><img loading=\"lazy\" decoding=\"async\" width=\"1024\" height=\"576\" src=\"https:\/\/staging.corpoeducjeunesse.org\/clone\/wp-content\/uploads\/2023\/09\/IMG_20221001_155523379_HDR-1024x576.jpg\" alt=\"\" class=\"wp-image-1877\" srcset=\"https:\/\/staging.corpoeducjeunesse.org\/clone\/wp-content\/uploads\/2023\/09\/IMG_20221001_155523379_HDR-1024x576.jpg 1024w, https:\/\/staging.corpoeducjeunesse.org\/clone\/wp-content\/uploads\/2023\/09\/IMG_20221001_155523379_HDR-300x169.jpg 300w, https:\/\/staging.corpoeducjeunesse.org\/clone\/wp-content\/uploads\/2023\/09\/IMG_20221001_155523379_HDR-768x432.jpg 768w, https:\/\/staging.corpoeducjeunesse.org\/clone\/wp-content\/uploads\/2023\/09\/IMG_20221001_155523379_HDR-1536x864.jpg 1536w, https:\/\/staging.corpoeducjeunesse.org\/clone\/wp-content\/uploads\/2023\/09\/IMG_20221001_155523379_HDR-2048x1152.jpg 2048w\" sizes=\"auto, (max-width: 1024px) 100vw, 1024px\" \/><\/figure>\n\n\n\n<p>\u00c9tant situ\u00e9s \u00e0 environ 1h30 de Montr\u00e9al sur une base de plein air, les s\u00e9jours \u00e9vasion familiale permettent vraiment aux familles de s&rsquo;\u00e9loigner du stress de leur quotidien et de vivre du bon temps en famille. Comme le nom de ce camp le dit si bien, il permet une r\u00e9elle <span style=\"text-decoration:underline;\">\u00e9vasion<\/span> du quotidien.<\/p>\n\n\n\n<figure class=\"wp-block-image\"><img loading=\"lazy\" decoding=\"async\" width=\"2272\" height=\"1704\" src=\"https:\/\/corpoeducjeunesse.files.wordpress.com\/2018\/10\/img_2562.jpg\" alt=\"IMG_2562\" class=\"wp-image-298\" srcset=\"https:\/\/staging.corpoeducjeunesse.org\/clone\/wp-content\/uploads\/2018\/10\/img_2562.jpg 2272w, https:\/\/staging.corpoeducjeunesse.org\/clone\/wp-content\/uploads\/2018\/10\/img_2562-300x225.jpg 300w, https:\/\/staging.corpoeducjeunesse.org\/clone\/wp-content\/uploads\/2018\/10\/img_2562-1024x768.jpg 1024w, https:\/\/staging.corpoeducjeunesse.org\/clone\/wp-content\/uploads\/2018\/10\/img_2562-768x576.jpg 768w, https:\/\/staging.corpoeducjeunesse.org\/clone\/wp-content\/uploads\/2018\/10\/img_2562-1536x1152.jpg 1536w, https:\/\/staging.corpoeducjeunesse.org\/clone\/wp-content\/uploads\/2018\/10\/img_2562-2048x1536.jpg 2048w\" sizes=\"auto, (max-width: 2272px) 100vw, 2272px\" \/><\/figure>\n\n\n\n<p>Pendant la fin de semaine, il y a des adolescent(e)s b\u00e9n\u00e9voles qui agissent en tant qu&rsquo;animateur(trice)s et qui organisent, animent et encadrent plusieurs activit\u00e9s vari\u00e9es en plus de s&rsquo;occuper des enfants pendant les temps libres. Les activit\u00e9s ne s&rsquo;adressent pas seulement aux enfants, mais \u00e0 toute la famille. Il ne s&rsquo;agit donc pas d&rsquo;un s\u00e9jour o\u00f9 ls animateurs gardent les enfants, la participation et l&rsquo;encadrement des parents est de mise ! Par contre, le plaisir pour toute la famille est garanti ! <\/p>\n\n\n\n<p>Voici les activit\u00e9s qu&rsquo;il est possible de retrouver pendant un s\u00e9jour : <\/p>\n\n\n\n<ul class=\"wp-block-list\">\n<li>Escalade (int\u00e9rieure)<\/li>\n\n\n\n<li>Randonn\u00e9e en for\u00eat<\/li>\n\n\n\n<li>Slingshot ou tir \u00e0 l&rsquo;arc<\/li>\n\n\n\n<li>Canot<\/li>\n\n\n\n<li>H\u00e9bertisme en for\u00eat (parcours \u00e0 obstacles)<\/li>\n\n\n\n<li>Glissade sur tubes (hiver)<\/li>\n\n\n\n<li>Randonn\u00e9e en raquettes (hiver)<\/li>\n\n\n\n<li>Patinage (hiver)<\/li>\n\n\n\n<li>Chasse au tr\u00e9sor<\/li>\n\n\n\n<li>Film en famille<\/li>\n\n\n\n<li>Feu de camp<\/li>\n\n\n\n<li>Bricolage<\/li>\n\n\n\n<li>A\u00e9robie\/danse<\/li>\n\n\n\n<li>Jeux de ballons<\/li>\n\n\n\n<li>Olympiades<\/li>\n\n\n\n<li>Toutes sortes de jeux anim\u00e9s par nos animateurs b\u00e9n\u00e9voles ! <\/li>\n<\/ul>\n\n\n\n<p><\/p>\n\n\n\n<figure class=\"wp-block-image size-large is-resized\"><img loading=\"lazy\" decoding=\"async\" width=\"2269\" height=\"1277\" src=\"https:\/\/corpoeducjeunesse.files.wordpress.com\/2020\/05\/img_3101.jpg?w=1024\" alt=\"\" class=\"wp-image-763\" style=\"width:457px;height:257px\" srcset=\"https:\/\/staging.corpoeducjeunesse.org\/clone\/wp-content\/uploads\/2020\/05\/img_3101.jpg 2269w, https:\/\/staging.corpoeducjeunesse.org\/clone\/wp-content\/uploads\/2020\/05\/img_3101-300x169.jpg 300w, https:\/\/staging.corpoeducjeunesse.org\/clone\/wp-content\/uploads\/2020\/05\/img_3101-1024x576.jpg 1024w, https:\/\/staging.corpoeducjeunesse.org\/clone\/wp-content\/uploads\/2020\/05\/img_3101-768x432.jpg 768w, https:\/\/staging.corpoeducjeunesse.org\/clone\/wp-content\/uploads\/2020\/05\/img_3101-1536x864.jpg 1536w, https:\/\/staging.corpoeducjeunesse.org\/clone\/wp-content\/uploads\/2020\/05\/img_3101-2048x1153.jpg 2048w\" sizes=\"auto, (max-width: 2269px) 100vw, 2269px\" \/><\/figure>\n\n\n\n<figure class=\"wp-block-image size-large is-resized\"><img loading=\"lazy\" decoding=\"async\" width=\"1024\" height=\"576\" src=\"https:\/\/staging.corpoeducjeunesse.org\/clone\/wp-content\/uploads\/2023\/09\/IMG_20221002_092726349-1024x576.jpg\" alt=\"\" class=\"wp-image-1878\" style=\"width:603px;height:339px\" srcset=\"https:\/\/staging.corpoeducjeunesse.org\/clone\/wp-content\/uploads\/2023\/09\/IMG_20221002_092726349-1024x576.jpg 1024w, https:\/\/staging.corpoeducjeunesse.org\/clone\/wp-content\/uploads\/2023\/09\/IMG_20221002_092726349-300x169.jpg 300w, https:\/\/staging.corpoeducjeunesse.org\/clone\/wp-content\/uploads\/2023\/09\/IMG_20221002_092726349-768x432.jpg 768w, https:\/\/staging.corpoeducjeunesse.org\/clone\/wp-content\/uploads\/2023\/09\/IMG_20221002_092726349-1536x864.jpg 1536w, https:\/\/staging.corpoeducjeunesse.org\/clone\/wp-content\/uploads\/2023\/09\/IMG_20221002_092726349-2048x1152.jpg 2048w\" sizes=\"auto, (max-width: 1024px) 100vw, 1024px\" \/><\/figure>\n\n\n\n<figure class=\"wp-block-image size-large is-resized\"><img loading=\"lazy\" decoding=\"async\" width=\"1024\" height=\"768\" src=\"https:\/\/staging.corpoeducjeunesse.org\/clone\/wp-content\/uploads\/2023\/09\/received_413190887638352-1024x768.jpeg\" alt=\"\" class=\"wp-image-1879\" style=\"width:608px;height:456px\" srcset=\"https:\/\/staging.corpoeducjeunesse.org\/clone\/wp-content\/uploads\/2023\/09\/received_413190887638352-1024x768.jpeg 1024w, https:\/\/staging.corpoeducjeunesse.org\/clone\/wp-content\/uploads\/2023\/09\/received_413190887638352-300x225.jpeg 300w, https:\/\/staging.corpoeducjeunesse.org\/clone\/wp-content\/uploads\/2023\/09\/received_413190887638352-768x576.jpeg 768w, https:\/\/staging.corpoeducjeunesse.org\/clone\/wp-content\/uploads\/2023\/09\/received_413190887638352-1536x1152.jpeg 1536w, https:\/\/staging.corpoeducjeunesse.org\/clone\/wp-content\/uploads\/2023\/09\/received_413190887638352.jpeg 2048w\" sizes=\"auto, (max-width: 1024px) 100vw, 1024px\" \/><\/figure>\n\n\n\n<figure class=\"wp-block-image size-large\"><img loading=\"lazy\" decoding=\"async\" width=\"1024\" height=\"576\" src=\"https:\/\/staging.corpoeducjeunesse.org\/clone\/wp-content\/uploads\/2023\/09\/IMG_20221001_155516548_HDR-1024x576.jpg\" alt=\"\" class=\"wp-image-1880\" srcset=\"https:\/\/staging.corpoeducjeunesse.org\/clone\/wp-content\/uploads\/2023\/09\/IMG_20221001_155516548_HDR-1024x576.jpg 1024w, https:\/\/staging.corpoeducjeunesse.org\/clone\/wp-content\/uploads\/2023\/09\/IMG_20221001_155516548_HDR-300x169.jpg 300w, https:\/\/staging.corpoeducjeunesse.org\/clone\/wp-content\/uploads\/2023\/09\/IMG_20221001_155516548_HDR-768x432.jpg 768w, https:\/\/staging.corpoeducjeunesse.org\/clone\/wp-content\/uploads\/2023\/09\/IMG_20221001_155516548_HDR-1536x864.jpg 1536w, https:\/\/staging.corpoeducjeunesse.org\/clone\/wp-content\/uploads\/2023\/09\/IMG_20221001_155516548_HDR-2048x1152.jpg 2048w\" sizes=\"auto, (max-width: 1024px) 100vw, 1024px\" \/><\/figure>\n\n\n\n<p>Si vous d\u00e9sirez participer \u00e0 un de nos camps, r\u00e9f\u00e9rez-vous \u00e0 votre organisme de quartier (Villeray ou Petite-Patrie)<\/p>\n\n\n\n<p>Si vous d\u00e9sirez nous aider \u00e0 animer un de ces s\u00e9jours, allez visiter l&rsquo;onglet&nbsp; \u00abS&rsquo;impliquer &#8211; Devenir b\u00e9n\u00e9vole\u00bb (15 ans minimum, aucune exp\u00e9rience ou formation requise !) <\/p>\n\n\n\n<p>\u00c9galement, n&rsquo;h\u00e9sitez pas \u00e0 aller voir nos pages Facebook et Instagram, car plusieurs photos et vid\u00e9os de ces s\u00e9jours sont publi\u00e9s sur celles-ci. <\/p>\n\n\n\n<figure class=\"wp-block-image size-large\"><img loading=\"lazy\" decoding=\"async\" width=\"1024\" height=\"576\" src=\"https:\/\/staging.corpoeducjeunesse.org\/clone\/wp-content\/uploads\/2023\/09\/image-1024x576.jpeg\" alt=\"Aucune description de photo disponible.\" class=\"wp-image-1882\" srcset=\"https:\/\/staging.corpoeducjeunesse.org\/clone\/wp-content\/uploads\/2023\/09\/image-1024x576.jpeg 1024w, https:\/\/staging.corpoeducjeunesse.org\/clone\/wp-content\/uploads\/2023\/09\/image-300x169.jpeg 300w, https:\/\/staging.corpoeducjeunesse.org\/clone\/wp-content\/uploads\/2023\/09\/image-768x432.jpeg 768w, https:\/\/staging.corpoeducjeunesse.org\/clone\/wp-content\/uploads\/2023\/09\/image-1536x864.jpeg 1536w, https:\/\/staging.corpoeducjeunesse.org\/clone\/wp-content\/uploads\/2023\/09\/image.jpeg 2048w\" sizes=\"auto, (max-width: 1024px) 100vw, 1024px\" \/><\/figure>\n\n\n\n<figure class=\"wp-block-image size-large\"><img loading=\"lazy\" decoding=\"async\" width=\"1024\" height=\"473\" src=\"https:\/\/staging.corpoeducjeunesse.org\/clone\/wp-content\/uploads\/2023\/09\/337376123_552793560050106_9192788348475112343_n-1024x473.jpeg\" alt=\"\" class=\"wp-image-1883\" srcset=\"https:\/\/staging.corpoeducjeunesse.org\/clone\/wp-content\/uploads\/2023\/09\/337376123_552793560050106_9192788348475112343_n-1024x473.jpeg 1024w, https:\/\/staging.corpoeducjeunesse.org\/clone\/wp-content\/uploads\/2023\/09\/337376123_552793560050106_9192788348475112343_n-300x139.jpeg 300w, https:\/\/staging.corpoeducjeunesse.org\/clone\/wp-content\/uploads\/2023\/09\/337376123_552793560050106_9192788348475112343_n-768x355.jpeg 768w, https:\/\/staging.corpoeducjeunesse.org\/clone\/wp-content\/uploads\/2023\/09\/337376123_552793560050106_9192788348475112343_n-1536x710.jpeg 1536w, https:\/\/staging.corpoeducjeunesse.org\/clone\/wp-content\/uploads\/2023\/09\/337376123_552793560050106_9192788348475112343_n.jpeg 2000w\" sizes=\"auto, (max-width: 1024px) 100vw, 1024px\" \/><\/figure>\n\n\n\n<figure class=\"wp-block-image size-large\"><img loading=\"lazy\" decoding=\"async\" width=\"1024\" height=\"768\" src=\"https:\/\/staging.corpoeducjeunesse.org\/clone\/wp-content\/uploads\/2023\/09\/302175751_5234501716662580_1605309703363221335_n-1024x768.jpeg\" alt=\"\" class=\"wp-image-1884\" srcset=\"https:\/\/staging.corpoeducjeunesse.org\/clone\/wp-content\/uploads\/2023\/09\/302175751_5234501716662580_1605309703363221335_n-1024x768.jpeg 1024w, https:\/\/staging.corpoeducjeunesse.org\/clone\/wp-content\/uploads\/2023\/09\/302175751_5234501716662580_1605309703363221335_n-300x225.jpeg 300w, https:\/\/staging.corpoeducjeunesse.org\/clone\/wp-content\/uploads\/2023\/09\/302175751_5234501716662580_1605309703363221335_n-768x576.jpeg 768w, https:\/\/staging.corpoeducjeunesse.org\/clone\/wp-content\/uploads\/2023\/09\/302175751_5234501716662580_1605309703363221335_n-1536x1152.jpeg 1536w, https:\/\/staging.corpoeducjeunesse.org\/clone\/wp-content\/uploads\/2023\/09\/302175751_5234501716662580_1605309703363221335_n.jpeg 1600w\" sizes=\"auto, (max-width: 1024px) 100vw, 1024px\" \/><\/figure>\n","protected":false},"excerpt":{"rendered":"<p>Les s\u00e9jours \u00c9vasion familiale s\u2019adressent \u00e0 des familles en situation de vuln\u00e9rabilit\u00e9 ayant au moins un enfant \u00e2g\u00e9 entre 0 et 5 ans et qui sont r\u00e9sidentes des quartiers Villeray ou La Petite-Patrie. Le temps d\u2019une fin de semaine, les familles se font offrir une multitude d\u2019activit\u00e9s int\u00e9rieures et ext\u00e9rieures sur une base de plein [&hellip;]<\/p>\n","protected":false},"author":2,"featured_media":0,"parent":68,"menu_order":0,"comment_status":"closed","ping_status":"closed","template":"","meta":{"footnotes":""},"class_list":["post-167","page","type-page","status-publish","hentry"],"_links":{"self":[{"href":"https:\/\/staging.corpoeducjeunesse.org\/clone\/index.php?rest_route=\/wp\/v2\/pages\/167","targetHints":{"allow":["GET"]}}],"collection":[{"href":"https:\/\/staging.corpoeducjeunesse.org\/clone\/index.php?rest_route=\/wp\/v2\/pages"}],"about":[{"href":"https:\/\/staging.corpoeducjeunesse.org\/clone\/index.php?rest_route=\/wp\/v2\/types\/page"}],"author":[{"embeddable":true,"href":"https:\/\/staging.corpoeducjeunesse.org\/clone\/index.php?rest_route=\/wp\/v2\/users\/2"}],"replies":[{"embeddable":true,"href":"https:\/\/staging.corpoeducjeunesse.org\/clone\/index.php?rest_route=%2Fwp%2Fv2%2Fcomments&post=167"}],"version-history":[{"count":6,"href":"https:\/\/staging.corpoeducjeunesse.org\/clone\/index.php?rest_route=\/wp\/v2\/pages\/167\/revisions"}],"predecessor-version":[{"id":1972,"href":"https:\/\/staging.corpoeducjeunesse.org\/clone\/index.php?rest_route=\/wp\/v2\/pages\/167\/revisions\/1972"}],"up":[{"embeddable":true,"href":"https:\/\/staging.corpoeducjeunesse.org\/clone\/index.php?rest_route=\/wp\/v2\/pages\/68"}],"wp:attachment":[{"href":"https:\/\/staging.corpoeducjeunesse.org\/clone\/index.php?rest_route=%2Fwp%2Fv2%2Fmedia&parent=167"}],"curies":[{"name":"wp","href":"https:\/\/api.w.org\/{rel}","templated":true}]}}