{"id":1934,"date":"2024-01-12T15:22:34","date_gmt":"2024-01-12T15:22:34","guid":{"rendered":"https:\/\/corpoeducjeunesse.org\/?page_id=1934"},"modified":"2024-02-29T16:29:16","modified_gmt":"2024-02-29T16:29:16","slug":"souper-spaghetti","status":"publish","type":"page","link":"https:\/\/staging.corpoeducjeunesse.org\/clone\/?page_id=1934","title":{"rendered":"Souper spaghetti"},"content":{"rendered":"\n<figure class=\"wp-block-gallery has-nested-images columns-default is-cropped wp-block-gallery-1 is-layout-flex wp-block-gallery-is-layout-flex\">\n<figure class=\"wp-block-image size-large\"><img loading=\"lazy\" decoding=\"async\" width=\"800\" height=\"534\" data-id=\"1940\" src=\"https:\/\/staging.corpoeducjeunesse.org\/clone\/wp-content\/uploads\/2024\/01\/spaghetti-bolognese-white-14995278-1.webp\" alt=\"\" class=\"wp-image-1940\" srcset=\"https:\/\/staging.corpoeducjeunesse.org\/clone\/wp-content\/uploads\/2024\/01\/spaghetti-bolognese-white-14995278-1.webp 800w, https:\/\/staging.corpoeducjeunesse.org\/clone\/wp-content\/uploads\/2024\/01\/spaghetti-bolognese-white-14995278-1-300x200.webp 300w, https:\/\/staging.corpoeducjeunesse.org\/clone\/wp-content\/uploads\/2024\/01\/spaghetti-bolognese-white-14995278-1-768x513.webp 768w\" sizes=\"auto, (max-width: 800px) 100vw, 800px\" \/><\/figure>\n<\/figure>\n\n\n\n<p>Le 3 f\u00e9vrier 2024, la C\u00c9J a organis\u00e9 la toute premi\u00e8re \u00e9dition du souper spaghetti qui vise \u00e0 amasser des fonds pour financer les projets et les activit\u00e9s de l&rsquo;organisme. <\/p>\n\n\n\n<p>L&rsquo;\u00e9v\u00e9nement a eu lieu \u00e0 l&rsquo;\u00e9cole secondaire Georges-Vanier de 17h \u00e0 21h. Au menu : spaghetti (avec ou sans viande), vin et boissons non-alcoolis\u00e9es, bingo avec remise de prix, \u00e9changes et beaucoup de plaisir ! Le co\u00fbt d&rsquo;un billet \u00e9tait de 5$ par enfant de 0-12 ans et de 10$ pour les personnes de 13 ans et plus. <\/p>\n\n\n\n<p>Merci \u00e0 tous les participants pour superbe soir\u00e9e et en esp\u00e9rant vous revoir l&rsquo;an prochain pour la deuxi\u00e8me \u00e9dition ! <\/p>\n\n\n\n<figure class=\"wp-block-image size-large\"><img loading=\"lazy\" decoding=\"async\" width=\"1024\" height=\"768\" src=\"https:\/\/staging.corpoeducjeunesse.org\/clone\/wp-content\/uploads\/2024\/02\/spaghetti-2-1024x768.jpeg\" alt=\"\" class=\"wp-image-1946\" srcset=\"https:\/\/staging.corpoeducjeunesse.org\/clone\/wp-content\/uploads\/2024\/02\/spaghetti-2-1024x768.jpeg 1024w, https:\/\/staging.corpoeducjeunesse.org\/clone\/wp-content\/uploads\/2024\/02\/spaghetti-2-300x225.jpeg 300w, https:\/\/staging.corpoeducjeunesse.org\/clone\/wp-content\/uploads\/2024\/02\/spaghetti-2-768x576.jpeg 768w, https:\/\/staging.corpoeducjeunesse.org\/clone\/wp-content\/uploads\/2024\/02\/spaghetti-2-1536x1152.jpeg 1536w, https:\/\/staging.corpoeducjeunesse.org\/clone\/wp-content\/uploads\/2024\/02\/spaghetti-2-2048x1536.jpeg 2048w\" sizes=\"auto, (max-width: 1024px) 100vw, 1024px\" \/><\/figure>\n\n\n\n<figure class=\"wp-block-image size-large\"><img loading=\"lazy\" decoding=\"async\" width=\"1024\" height=\"768\" src=\"https:\/\/staging.corpoeducjeunesse.org\/clone\/wp-content\/uploads\/2024\/02\/spaghetti-1024x768.jpeg\" alt=\"\" class=\"wp-image-1947\" srcset=\"https:\/\/staging.corpoeducjeunesse.org\/clone\/wp-content\/uploads\/2024\/02\/spaghetti-1024x768.jpeg 1024w, https:\/\/staging.corpoeducjeunesse.org\/clone\/wp-content\/uploads\/2024\/02\/spaghetti-300x225.jpeg 300w, https:\/\/staging.corpoeducjeunesse.org\/clone\/wp-content\/uploads\/2024\/02\/spaghetti-768x576.jpeg 768w, https:\/\/staging.corpoeducjeunesse.org\/clone\/wp-content\/uploads\/2024\/02\/spaghetti-1536x1152.jpeg 1536w, https:\/\/staging.corpoeducjeunesse.org\/clone\/wp-content\/uploads\/2024\/02\/spaghetti-2048x1536.jpeg 2048w\" sizes=\"auto, (max-width: 1024px) 100vw, 1024px\" \/><\/figure>\n","protected":false},"excerpt":{"rendered":"<p>Le 3 f\u00e9vrier 2024, la C\u00c9J a organis\u00e9 la toute premi\u00e8re \u00e9dition du souper spaghetti qui vise \u00e0 amasser des fonds pour financer les projets et les activit\u00e9s de l&rsquo;organisme. L&rsquo;\u00e9v\u00e9nement a eu lieu \u00e0 l&rsquo;\u00e9cole secondaire Georges-Vanier de 17h \u00e0 21h. Au menu : spaghetti (avec ou sans viande), vin et boissons non-alcoolis\u00e9es, bingo [&hellip;]<\/p>\n","protected":false},"author":1,"featured_media":0,"parent":0,"menu_order":0,"comment_status":"closed","ping_status":"closed","template":"","meta":{"footnotes":""},"class_list":["post-1934","page","type-page","status-publish","hentry"],"_links":{"self":[{"href":"https:\/\/staging.corpoeducjeunesse.org\/clone\/index.php?rest_route=\/wp\/v2\/pages\/1934","targetHints":{"allow":["GET"]}}],"collection":[{"href":"https:\/\/staging.corpoeducjeunesse.org\/clone\/index.php?rest_route=\/wp\/v2\/pages"}],"about":[{"href":"https:\/\/staging.corpoeducjeunesse.org\/clone\/index.php?rest_route=\/wp\/v2\/types\/page"}],"author":[{"embeddable":true,"href":"https:\/\/staging.corpoeducjeunesse.org\/clone\/index.php?rest_route=\/wp\/v2\/users\/1"}],"replies":[{"embeddable":true,"href":"https:\/\/staging.corpoeducjeunesse.org\/clone\/index.php?rest_route=%2Fwp%2Fv2%2Fcomments&post=1934"}],"version-history":[{"count":5,"href":"https:\/\/staging.corpoeducjeunesse.org\/clone\/index.php?rest_route=\/wp\/v2\/pages\/1934\/revisions"}],"predecessor-version":[{"id":1948,"href":"https:\/\/staging.corpoeducjeunesse.org\/clone\/index.php?rest_route=\/wp\/v2\/pages\/1934\/revisions\/1948"}],"wp:attachment":[{"href":"https:\/\/staging.corpoeducjeunesse.org\/clone\/index.php?rest_route=%2Fwp%2Fv2%2Fmedia&parent=1934"}],"curies":[{"name":"wp","href":"https:\/\/api.w.org\/{rel}","templated":true}]}}