{"id":1991,"date":"2024-09-13T19:58:56","date_gmt":"2024-09-13T19:58:56","guid":{"rendered":"https:\/\/corpoeducjeunesse.org\/?page_id=1991"},"modified":"2024-09-13T19:58:56","modified_gmt":"2024-09-13T19:58:56","slug":"sessions-de-formation","status":"publish","type":"page","link":"https:\/\/staging.corpoeducjeunesse.org\/clone\/?page_id=1991","title":{"rendered":"Sessions de formation"},"content":{"rendered":"\n<p>La C\u00c9J \u00e9labore et diffuse des programmes de formations destin\u00e9es \u00e0 des jeunes, en partenariat avec des organismes scolaires, coll\u00e9giaux et communautaires.\u00a0Les enseignements qu\u2019ils offrent ont pour but de doter les jeunes de connaissances, de comp\u00e9tences et d\u2019habilet\u00e9s propices \u00e0 leur \u00e9panouissement individuel et \u00e0 leur engagement social et communautaire. En cliquant sur les onglets suivants, vous pouvez en savoir plus sur nos diff\u00e9rentes activit\u00e9s offertes aux jeunes.<\/p>\n","protected":false},"excerpt":{"rendered":"<p>La C\u00c9J \u00e9labore et diffuse des programmes de formations destin\u00e9es \u00e0 des jeunes, en partenariat avec des organismes scolaires, coll\u00e9giaux et communautaires.\u00a0Les enseignements qu\u2019ils offrent ont pour but de doter les jeunes de connaissances, de comp\u00e9tences et d\u2019habilet\u00e9s propices \u00e0 leur \u00e9panouissement individuel et \u00e0 leur engagement social et communautaire. En cliquant sur les onglets [&hellip;]<\/p>\n","protected":false},"author":1,"featured_media":0,"parent":0,"menu_order":0,"comment_status":"closed","ping_status":"closed","template":"","meta":{"footnotes":""},"class_list":["post-1991","page","type-page","status-publish","hentry"],"_links":{"self":[{"href":"https:\/\/staging.corpoeducjeunesse.org\/clone\/index.php?rest_route=\/wp\/v2\/pages\/1991","targetHints":{"allow":["GET"]}}],"collection":[{"href":"https:\/\/staging.corpoeducjeunesse.org\/clone\/index.php?rest_route=\/wp\/v2\/pages"}],"about":[{"href":"https:\/\/staging.corpoeducjeunesse.org\/clone\/index.php?rest_route=\/wp\/v2\/types\/page"}],"author":[{"embeddable":true,"href":"https:\/\/staging.corpoeducjeunesse.org\/clone\/index.php?rest_route=\/wp\/v2\/users\/1"}],"replies":[{"embeddable":true,"href":"https:\/\/staging.corpoeducjeunesse.org\/clone\/index.php?rest_route=%2Fwp%2Fv2%2Fcomments&post=1991"}],"version-history":[{"count":1,"href":"https:\/\/staging.corpoeducjeunesse.org\/clone\/index.php?rest_route=\/wp\/v2\/pages\/1991\/revisions"}],"predecessor-version":[{"id":1992,"href":"https:\/\/staging.corpoeducjeunesse.org\/clone\/index.php?rest_route=\/wp\/v2\/pages\/1991\/revisions\/1992"}],"wp:attachment":[{"href":"https:\/\/staging.corpoeducjeunesse.org\/clone\/index.php?rest_route=%2Fwp%2Fv2%2Fmedia&parent=1991"}],"curies":[{"name":"wp","href":"https:\/\/api.w.org\/{rel}","templated":true}]}}