{"id":209,"date":"2018-10-07T23:46:58","date_gmt":"2018-10-08T03:46:58","guid":{"rendered":"http:\/\/corpoeducjeunesse.org\/?page_id=209"},"modified":"2018-10-07T23:46:58","modified_gmt":"2018-10-08T03:46:58","slug":"leadership-conseil-et-comites-deleves","status":"publish","type":"page","link":"https:\/\/staging.corpoeducjeunesse.org\/clone\/?page_id=209","title":{"rendered":"Leadership : conseil et comit\u00e9s d&rsquo;\u00e9l\u00e8ves"},"content":{"rendered":"<p>La formation sur le leadership s&rsquo;adresse \u00e0 des jeunes \u00e2g\u00e9s entre 11 et 17 ans. Son principal objectif est de former des jeunes \u00e0 collaborer au fonctionnement d&rsquo;un comit\u00e9 efficace.<\/p>\n<p>Au terme de la formation, les jeunes seront sensibilis\u00e9s au travail d&rsquo;\u00e9quipe efficace, \u00e0 l&rsquo;importance d&rsquo;une implication personnelle et collective au sein d&rsquo;un conseil et des comit\u00e9s d&rsquo;\u00e9l\u00e8ves et seront outill\u00e9s efficacement en vue de la cr\u00e9ation de projets.<\/p>\n<p>Plusieurs moyens sont mis en place afin de parvenir \u00e0 ces objectifs. En effet, les jeunes re\u00e7oivent tout d&rsquo;abord de l&rsquo;information directe et interactive et ils remplissent un \u00abcahier du participant\u00bb. Ensuite, ils sont amen\u00e9s \u00e0 faire face \u00e0 des mises en situation, \u00e0 faire des ateliers de travaux pratiques ainsi qu&rsquo;\u00e0 faire des jeux de r\u00f4le.<\/p>\n<p>\u00c0 la fin de cette formation, les jeunes devraient avoir d\u00e9velopp\u00e9 un esprit critique, cern\u00e9 les attitudes requises pour fonctionner efficacement, appris comment collaborer au bon fonctionnement d&rsquo;une \u00e9quipe, approfondi leurs connaissances sur le r\u00f4le du conseil et des comit\u00e9s d&rsquo;\u00e9l\u00e8ves, r\u00e9aliser l&rsquo;importance de leur r\u00f4le dans le conseil et \u00eatre outill\u00e9s pour remplir ce r\u00f4le. Ils devraient \u00e9galement conna\u00eetre les \u00e9tapes structurantes d&rsquo;un projet et enfin, avoir cr\u00e9\u00e9 un projet qui r\u00e9pond aux besoins de leur \u00e9cole.<\/p>\n","protected":false},"excerpt":{"rendered":"<p>La formation sur le leadership s&rsquo;adresse \u00e0 des jeunes \u00e2g\u00e9s entre 11 et 17 ans. Son principal objectif est de former des jeunes \u00e0 collaborer au fonctionnement d&rsquo;un comit\u00e9 efficace. Au terme de la formation, les jeunes seront sensibilis\u00e9s au travail d&rsquo;\u00e9quipe efficace, \u00e0 l&rsquo;importance d&rsquo;une implication personnelle et collective au sein d&rsquo;un conseil et [&hellip;]<\/p>\n","protected":false},"author":2,"featured_media":0,"parent":0,"menu_order":0,"comment_status":"closed","ping_status":"closed","template":"","meta":{"footnotes":""},"class_list":["post-209","page","type-page","status-publish","hentry"],"_links":{"self":[{"href":"https:\/\/staging.corpoeducjeunesse.org\/clone\/index.php?rest_route=\/wp\/v2\/pages\/209","targetHints":{"allow":["GET"]}}],"collection":[{"href":"https:\/\/staging.corpoeducjeunesse.org\/clone\/index.php?rest_route=\/wp\/v2\/pages"}],"about":[{"href":"https:\/\/staging.corpoeducjeunesse.org\/clone\/index.php?rest_route=\/wp\/v2\/types\/page"}],"author":[{"embeddable":true,"href":"https:\/\/staging.corpoeducjeunesse.org\/clone\/index.php?rest_route=\/wp\/v2\/users\/2"}],"replies":[{"embeddable":true,"href":"https:\/\/staging.corpoeducjeunesse.org\/clone\/index.php?rest_route=%2Fwp%2Fv2%2Fcomments&post=209"}],"version-history":[{"count":0,"href":"https:\/\/staging.corpoeducjeunesse.org\/clone\/index.php?rest_route=\/wp\/v2\/pages\/209\/revisions"}],"wp:attachment":[{"href":"https:\/\/staging.corpoeducjeunesse.org\/clone\/index.php?rest_route=%2Fwp%2Fv2%2Fmedia&parent=209"}],"curies":[{"name":"wp","href":"https:\/\/api.w.org\/{rel}","templated":true}]}}