{"id":217,"date":"2018-10-08T00:11:17","date_gmt":"2018-10-08T04:11:17","guid":{"rendered":"http:\/\/corpoeducjeunesse.org\/?page_id=217"},"modified":"2018-10-08T00:11:17","modified_gmt":"2018-10-08T04:11:17","slug":"formation-en-techniques-danimation","status":"publish","type":"page","link":"https:\/\/staging.corpoeducjeunesse.org\/clone\/?page_id=217","title":{"rendered":"Formation en techniques d&rsquo;animation"},"content":{"rendered":"<p>Cette formation s&rsquo;adresse \u00e0 des jeunes \u00e2g\u00e9s entre 14 et 17 ans. Elle vise \u00e0 les former \u00e0 l&rsquo;animation de groupes.<\/p>\n<p>Durant la formation, les jeunes re\u00e7oivent de l&rsquo;information (volet th\u00e9orique) et participent \u00e0\u00a0des ateliers de travaux pratiques (volet pratique). Au terme de la formation, les participants auront d\u00e9couvert les pr\u00e9-requis \u00e0 un contexte favorable \u00e0 l&rsquo;information. Ils auront appris certaines techniques pour cr\u00e9er le contact avec un groupe et cr\u00e9er un climat de groupe. Ensuite, ils auront d\u00e9velopp\u00e9 des habilet\u00e9s d&rsquo;animation par des exp\u00e9riences pratiques en laboratoire. En effet, ils auront appris le d\u00e9roulement et le fonctionnement d&rsquo;un laboratoire, se seront appropri\u00e9 le vocabulaire des techniques d&rsquo;animation et auront mis en pratique les techniques apprises. Enfin, au terme de la formation, les jeunes auront d\u00e9couvert l&rsquo;animation comme un service \u00e0 rendre \u00e0 ses pairs et non un pouvoir sur ses pairs. Ils auront donc exp\u00e9riment\u00e9 une situation d&rsquo;animation par une cr\u00e9ation artistique et auront cern\u00e9 les qualit\u00e9s d&rsquo;un bon animateur.<\/p>\n<p>Cette formation se veut informative, mais les jeunes s&rsquo;amusent en plus d&rsquo;apprendre \u00e9norm\u00e9ment. Ils en ressortent beaucoup plus outill\u00e9s afin d&rsquo;aimer des groupes en plus d&rsquo;\u00eatre plus conscients du travail d&rsquo;un animateur.<\/p>\n","protected":false},"excerpt":{"rendered":"<p>Cette formation s&rsquo;adresse \u00e0 des jeunes \u00e2g\u00e9s entre 14 et 17 ans. Elle vise \u00e0 les former \u00e0 l&rsquo;animation de groupes. Durant la formation, les jeunes re\u00e7oivent de l&rsquo;information (volet th\u00e9orique) et participent \u00e0\u00a0des ateliers de travaux pratiques (volet pratique). Au terme de la formation, les participants auront d\u00e9couvert les pr\u00e9-requis \u00e0 un contexte favorable [&hellip;]<\/p>\n","protected":false},"author":2,"featured_media":0,"parent":0,"menu_order":0,"comment_status":"closed","ping_status":"closed","template":"","meta":{"footnotes":""},"class_list":["post-217","page","type-page","status-publish","hentry"],"_links":{"self":[{"href":"https:\/\/staging.corpoeducjeunesse.org\/clone\/index.php?rest_route=\/wp\/v2\/pages\/217","targetHints":{"allow":["GET"]}}],"collection":[{"href":"https:\/\/staging.corpoeducjeunesse.org\/clone\/index.php?rest_route=\/wp\/v2\/pages"}],"about":[{"href":"https:\/\/staging.corpoeducjeunesse.org\/clone\/index.php?rest_route=\/wp\/v2\/types\/page"}],"author":[{"embeddable":true,"href":"https:\/\/staging.corpoeducjeunesse.org\/clone\/index.php?rest_route=\/wp\/v2\/users\/2"}],"replies":[{"embeddable":true,"href":"https:\/\/staging.corpoeducjeunesse.org\/clone\/index.php?rest_route=%2Fwp%2Fv2%2Fcomments&post=217"}],"version-history":[{"count":0,"href":"https:\/\/staging.corpoeducjeunesse.org\/clone\/index.php?rest_route=\/wp\/v2\/pages\/217\/revisions"}],"wp:attachment":[{"href":"https:\/\/staging.corpoeducjeunesse.org\/clone\/index.php?rest_route=%2Fwp%2Fv2%2Fmedia&parent=217"}],"curies":[{"name":"wp","href":"https:\/\/api.w.org\/{rel}","templated":true}]}}