{"id":230,"date":"2018-10-08T00:41:25","date_gmt":"2018-10-08T04:41:25","guid":{"rendered":"http:\/\/corpoeducjeunesse.org\/?page_id=230"},"modified":"2018-10-08T00:41:25","modified_gmt":"2018-10-08T04:41:25","slug":"session-de-formation-interculturelle","status":"publish","type":"page","link":"https:\/\/staging.corpoeducjeunesse.org\/clone\/?page_id=230","title":{"rendered":"Session de formation interculturelle"},"content":{"rendered":"<p>Le groupe de 1<sup>\u00e8re<\/sup> secondaire du Programme ouverture sur le monde \u2013 POM &#8211; de l\u2019\u00c9cole secondaire de l\u2019\u00c9rabli\u00e8re (Saint-F\u00e9lix de Valois) participe chaque ann\u00e9e \u00e0 une session de formation dont le th\u00e8me est l\u2019ouverture sur le monde et \u00e0 la diff\u00e9rence. Les th\u00e8mes de l\u2019immigration et de l\u2019int\u00e9gration sont omnipr\u00e9sents dans la r\u00e9gion de Lanaudi\u00e8re qui accueille, chaque ann\u00e9e, un grand nombre d\u2019immigrants et de r\u00e9fugi\u00e9s.<\/p>\n<p>Depuis plusieurs ann\u00e9es, le Centre IN\u2019AFU, le CR\u00c9DIL (Comit\u00e9 r\u00e9gional d\u2019\u00e9ducation au d\u00e9veloppement international de Lanaudi\u00e8re) et l\u2019\u00c9cole secondaire de l\u2019\u00c9rabli\u00e8re de Saint-F\u00e9lix-de-Valois offrent cette session, en partenariat.<\/p>\n<p>Les \u00e9l\u00e8ves ont v\u00e9cu divers ateliers pendant la session\u00a0: simulations, jeux de r\u00f4les et activit\u00e9s-choc leur ont permis de prendre conscience des difficult\u00e9s v\u00e9cues par les immigrants et r\u00e9fugi\u00e9s nouvellement arriv\u00e9s dans Lanaudi\u00e8re et de mieux comprendre leur r\u00e9alit\u00e9. Les \u00e9l\u00e8ves ont aussi pu apprendre une foule de choses sur la situation des pays d\u2019o\u00f9 provienne les immigrants et r\u00e9fugi\u00e9s qui s\u2019installent dans Lanaudi\u00e8re ces derni\u00e8res ann\u00e9es.<\/p>\n","protected":false},"excerpt":{"rendered":"<p>Le groupe de 1\u00e8re secondaire du Programme ouverture sur le monde \u2013 POM &#8211; de l\u2019\u00c9cole secondaire de l\u2019\u00c9rabli\u00e8re (Saint-F\u00e9lix de Valois) participe chaque ann\u00e9e \u00e0 une session de formation dont le th\u00e8me est l\u2019ouverture sur le monde et \u00e0 la diff\u00e9rence. Les th\u00e8mes de l\u2019immigration et de l\u2019int\u00e9gration sont omnipr\u00e9sents dans la r\u00e9gion de [&hellip;]<\/p>\n","protected":false},"author":2,"featured_media":0,"parent":0,"menu_order":0,"comment_status":"closed","ping_status":"closed","template":"","meta":{"footnotes":""},"class_list":["post-230","page","type-page","status-publish","hentry"],"_links":{"self":[{"href":"https:\/\/staging.corpoeducjeunesse.org\/clone\/index.php?rest_route=\/wp\/v2\/pages\/230","targetHints":{"allow":["GET"]}}],"collection":[{"href":"https:\/\/staging.corpoeducjeunesse.org\/clone\/index.php?rest_route=\/wp\/v2\/pages"}],"about":[{"href":"https:\/\/staging.corpoeducjeunesse.org\/clone\/index.php?rest_route=\/wp\/v2\/types\/page"}],"author":[{"embeddable":true,"href":"https:\/\/staging.corpoeducjeunesse.org\/clone\/index.php?rest_route=\/wp\/v2\/users\/2"}],"replies":[{"embeddable":true,"href":"https:\/\/staging.corpoeducjeunesse.org\/clone\/index.php?rest_route=%2Fwp%2Fv2%2Fcomments&post=230"}],"version-history":[{"count":0,"href":"https:\/\/staging.corpoeducjeunesse.org\/clone\/index.php?rest_route=\/wp\/v2\/pages\/230\/revisions"}],"wp:attachment":[{"href":"https:\/\/staging.corpoeducjeunesse.org\/clone\/index.php?rest_route=%2Fwp%2Fv2%2Fmedia&parent=230"}],"curies":[{"name":"wp","href":"https:\/\/api.w.org\/{rel}","templated":true}]}}