{"id":274,"date":"2018-10-09T20:12:13","date_gmt":"2018-10-10T00:12:13","guid":{"rendered":"http:\/\/corpoeducjeunesse.org\/?page_id=274"},"modified":"2023-09-29T13:20:03","modified_gmt":"2023-09-29T13:20:03","slug":"historique-lien-avec-le-centre-inafu","status":"publish","type":"page","link":"https:\/\/staging.corpoeducjeunesse.org\/clone\/?page_id=274","title":{"rendered":"Historique &#8211; Lien avec le Centre In&rsquo;Afu"},"content":{"rendered":"\n<figure class=\"wp-block-image\"><img loading=\"lazy\" decoding=\"async\" width=\"792\" height=\"610\" src=\"https:\/\/corpoeducjeunesse.files.wordpress.com\/2018\/09\/in-afu.jpg?w=518\" alt=\"in afu\" class=\"wp-image-142\" srcset=\"https:\/\/staging.corpoeducjeunesse.org\/clone\/wp-content\/uploads\/2018\/09\/in-afu.jpg 792w, https:\/\/staging.corpoeducjeunesse.org\/clone\/wp-content\/uploads\/2018\/09\/in-afu-300x231.jpg 300w, https:\/\/staging.corpoeducjeunesse.org\/clone\/wp-content\/uploads\/2018\/09\/in-afu-768x592.jpg 768w\" sizes=\"auto, (max-width: 792px) 100vw, 792px\" \/><\/figure>\n\n\n\n<p> \u00a0 \u00a0 \u00a0 \u00a0 \u00a0 \u00a0 \u00a0 \u00a0 \u00a0 \u00a0 \u00a0 \u00a0 \u00a0 \u00a0 \u00a0 \u00a0 \u00a0 \u00a0 \u00a0 \u00a0 \u00a0 \u00a0 \u00a0 \u00a0 \u00a0 \u00a0<\/p>\n\n\n\n<p><strong>Historique<\/strong><\/p>\n\n\n\n<p>La Corporation d&rsquo;\u00c9ducation Jeunesse a \u00e9t\u00e9 cr\u00e9\u00e9e dans le but de reprendre la mission d&rsquo;\u00e9ducation du Centre In&rsquo;Afu. Bien que l&rsquo;organisme ait \u00e9t\u00e9 cr\u00e9\u00e9 en 2013, il importe de remonter bien plus loin pour bien saisir sa riche histoire. Voici un r\u00e9sum\u00e9 de la chronologie des faits concernant le Centre In&rsquo;Afu et la C\u00c9J:<\/p>\n\n\n\n<p>1972 \u2013 Achat de la ferme de Saint-Esprit-de-Montcalm et conversion en centre de ressourcement et d\u2019animation pour les jeunes par les spiritains.<\/p>\n\n\n\n<p>1974 \u2013 Division du terrain et construction d\u2019une maison pour les soeurs spiritaines.<\/p>\n\n\n\n<p>1988 \u2013 D\u00e9molition de l\u2019ancienne grange qui servait de salle d\u2019animation et construction du nouveau centre.<\/p>\n\n\n\n<p>1993 \u2013 Annonce par les deux Congr\u00e9gations (s\u0153urs et p\u00e8res \/ fr\u00e8res spiritains) de la possible fermeture du Centre IN\u2019AFU par manque de ressources humaines.<\/p>\n\n\n\n<p>1995 \u2013 Cr\u00e9ation d\u2019un Organisme \u00e0 but non lucratif pour prendre en charge la poursuite de la mission : la corporation IN\u2019AFU, Centre d\u2019animation jeunesse.<\/p>\n\n\n\n<p>2000 \u2013 D\u00e9part des s\u0153urs spiritaines r\u00e9sidentes du site de Saint-Esprit.<\/p>\n\n\n\n<p>Septembre 2007 &#8211; D\u00e9part des spiritains r\u00e9sidents \u00e0 Saint-Esprit. IN\u2019AFU embauche un animateur-r\u00e9sident et met sur pieds les \u00e9quipes de garde pour prendre le relais.<\/p>\n\n\n\n<p>2007 \u2013 Acquisition de la maison des spiritaines par la corporation IN\u2019AFU, Centre d\u2019animation jeunesse.<\/p>\n\n\n\n<p>2009-11 &#8211; Campagne majeure de financement pour contribuer \u00e0 l\u2019acquisition de la maison des s\u0153urs, dont IN\u2019AFU en a fait l\u2019achat en 2007.<\/p>\n\n\n\n<p>Juin 2009 &#8211; D\u00e9part de l\u2019animateur-r\u00e9sident.<\/p>\n\n\n\n<p>Septembre 2010 &#8211; Embauche d\u2019une nouvelle animatrice-r\u00e9sidente.<\/p>\n\n\n\n<p>2009 \u2013 Le nouveau b\u00e2timent d\u2019animation construit en 1988 est renomm\u00e9 Pavillon Andr\u00e9-Vigneault et la maison des s\u0153urs Maison Yvonne-Houde en l\u2019honneur de deux acteurs importants de la fondation du Centre IN\u2019AFU.<\/p>\n\n\n\n<p><strong>Mars 2013 &#8211; Cr\u00e9ation de la Corporation d\u2019\u00c9ducation Jeunesse &#8211; C\u00c9J<\/strong>. <\/p>\n\n\n\n<p>Ce nouvel organisme aura comme mission de reprendre la mission d\u2019\u00e9ducation d\u2019IN\u2019AFU. Les activit\u00e9s \u00e9ducatives du Centre seront progressivement transf\u00e9r\u00e9es \u00e0 la C\u00c9J au cours des prochaines ann\u00e9es.<\/p>\n\n\n\n<p>Juillet 2014 \u2013 D\u00e9part de l\u2019animatrice r\u00e9sidente et embauche d\u2019une r\u00e9sidente qui aura aussi comme responsabilit\u00e9 la surveillance g\u00e9n\u00e9rale des lieux.<\/p>\n\n\n\n<p>2015 &#8211; En r\u00e9organisation financi\u00e8re, les spiritains se voient contraints de mettre fin, de mani\u00e8re progressive, au financement accord\u00e9 \u00e0 la mission d\u2019IN\u2019AFU. Cette source de financement \u00e9tait la seule subvention au fonctionnement de l\u2019organisme. Les autres sources de financement sont li\u00e9es aux activit\u00e9s (frais de participation aux camps et sessions), aux subventions de programmes (parrainage, \u00e9vasion familiale, etc.) et aux activit\u00e9s d\u2019auto-financement (quillethon, cocktail d\u00eenatoire, amicale de golf, etc.).<\/p>\n\n\n\n<p>2016 &#8211; Toujours en r\u00e9organisation, les spiritains doivent prendre une d\u00e9cision difficile : celle de mettre en vente la propri\u00e9t\u00e9 de Saint-Esprit.<\/p>\n\n\n\n<p>Ao\u00fbt 2017 &#8211; Vente de la propri\u00e9t\u00e9, des terres agricoles et des immeubles du Centre IN\u2019AFU. IN\u2019AFU restera locataire des lieux pour l\u2019ann\u00e9e 2017-18.<\/p>\n\n\n\n<p>Avril 2018 &#8211; Incapable d\u2019en venir \u00e0 une entente satisfaisante pour les deux parties avec le nouveau propri\u00e9taire des lieux, le Centre IN\u2019AFU prend la d\u00e9cision d\u00e9chirante de quitter les lieux o\u00f9 il a vu le jour en 1972 et de poursuivre ses activit\u00e9s sur un autre site.<\/p>\n\n\n\n<p>D\u2019ici au 31 ao\u00fbt 2018 &#8211; Le transfert des activit\u00e9s du Centre IN\u2019AFU vers la C\u00c9J &#8211; Corporation d\u2019\u00c9ducation Jeunesse sera compl\u00e9t\u00e9. IN\u2019AFU conservera quelques activit\u00e9s mais l\u2019ensemble des activit\u00e9s \u00e9ducatives seront prises en charge par la C\u00c9J.<\/p>\n\n\n\n<p>1er septembre 2018 \u2013 Embauche d\u2019un directeur g\u00e9n\u00e9ral par la C\u00c9J.<\/p>\n\n\n\n<p>Mars 2020 &#8211; Comme partout ailleurs, la C\u00c9J doit cesser la majorit\u00e9 de ses activit\u00e9s en raison de la pand\u00e9mie. Des ressources d&rsquo;aide sont offertes aux jeunes et aux familles en contact avec la C\u00c9J. <\/p>\n\n\n\n<p>Septembre 2020 &#8211; Reprise graduelle des activit\u00e9s <\/p>\n\n\n\n<p>Mai 2022 &#8211; Reprise des S\u00e9jours \u00c9vasion Familiale sur un nouveau site : le camp de Grandpr\u00e9 \u00e0 Otterburn Park<\/p>\n\n\n\n<p>Novembre 2022 &#8211; d\u00e9m\u00e9nagement des S\u00e9jours \u00c9vasion Familiale au camp de La Salle \u00e0 Saint-Alphonse Rodriguez<\/p>\n\n\n\n<p>Aujourd&rsquo;hui &#8211; La C\u00c9J a repris toutes ses activit\u00e9s et en a cr\u00e9\u00e9 de nouvelles. L&rsquo;organisme est d\u00e9vou\u00e9 plus que jamais \u00e0 offrir des exp\u00e9riences enrichissantes \u00e0 ses familles et \u00e0 ses jeunes et elle continuera \u00e0 poursuivre le r\u00eave des spiritains. En 2023, la C\u00c9J f\u00eate ses 10 ans, mais elle poursuit le travail d&rsquo;In Afu qui date de plus de 50 ans ! <\/p>\n","protected":false},"excerpt":{"rendered":"<p>\u00a0 \u00a0 \u00a0 \u00a0 \u00a0 \u00a0 \u00a0 \u00a0 \u00a0 \u00a0 \u00a0 \u00a0 \u00a0 \u00a0 \u00a0 \u00a0 \u00a0 \u00a0 \u00a0 \u00a0 \u00a0 \u00a0 \u00a0 \u00a0 \u00a0 \u00a0 Historique La Corporation d&rsquo;\u00c9ducation Jeunesse a \u00e9t\u00e9 cr\u00e9\u00e9e dans le but de reprendre la mission d&rsquo;\u00e9ducation du Centre In&rsquo;Afu. Bien que l&rsquo;organisme ait \u00e9t\u00e9 cr\u00e9\u00e9 en 2013, il importe [&hellip;]<\/p>\n","protected":false},"author":2,"featured_media":0,"parent":0,"menu_order":0,"comment_status":"closed","ping_status":"closed","template":"","meta":{"footnotes":""},"class_list":["post-274","page","type-page","status-publish","hentry"],"_links":{"self":[{"href":"https:\/\/staging.corpoeducjeunesse.org\/clone\/index.php?rest_route=\/wp\/v2\/pages\/274","targetHints":{"allow":["GET"]}}],"collection":[{"href":"https:\/\/staging.corpoeducjeunesse.org\/clone\/index.php?rest_route=\/wp\/v2\/pages"}],"about":[{"href":"https:\/\/staging.corpoeducjeunesse.org\/clone\/index.php?rest_route=\/wp\/v2\/types\/page"}],"author":[{"embeddable":true,"href":"https:\/\/staging.corpoeducjeunesse.org\/clone\/index.php?rest_route=\/wp\/v2\/users\/2"}],"replies":[{"embeddable":true,"href":"https:\/\/staging.corpoeducjeunesse.org\/clone\/index.php?rest_route=%2Fwp%2Fv2%2Fcomments&post=274"}],"version-history":[{"count":2,"href":"https:\/\/staging.corpoeducjeunesse.org\/clone\/index.php?rest_route=\/wp\/v2\/pages\/274\/revisions"}],"predecessor-version":[{"id":1897,"href":"https:\/\/staging.corpoeducjeunesse.org\/clone\/index.php?rest_route=\/wp\/v2\/pages\/274\/revisions\/1897"}],"wp:attachment":[{"href":"https:\/\/staging.corpoeducjeunesse.org\/clone\/index.php?rest_route=%2Fwp%2Fv2%2Fmedia&parent=274"}],"curies":[{"name":"wp","href":"https:\/\/api.w.org\/{rel}","templated":true}]}}