{"id":49,"date":"2018-09-17T00:11:31","date_gmt":"2018-09-17T04:11:31","guid":{"rendered":"https:\/\/corpoeducjeunesse.wordpress.com\/?page_id=49"},"modified":"2023-09-28T15:06:27","modified_gmt":"2023-09-28T15:06:27","slug":"la-cej-2","status":"publish","type":"page","link":"https:\/\/staging.corpoeducjeunesse.org\/clone\/?page_id=49","title":{"rendered":"La C\u00c9J"},"content":{"rendered":"<p><strong>Notre mission<\/strong><\/p>\n<p><span style=\"font-weight: 400;\">La C\u00c9J est un organisme de formation, d\u2019intervention de milieu, d\u2019accompagnement et de soutien qui \u0153uvre aupr\u00e8s des jeunes et des familles de la grande r\u00e9gion de Montr\u00e9al.\u00a0<\/span><\/p>\n<p><span style=\"font-weight: 400;\">Par le biais d\u2019ateliers, de formations, de camps th\u00e9matiques et d\u2019une programmation d\u2019activit\u00e9s vari\u00e9es, elle vise l\u2019\u00e9panouissement personnel et collectif, le d\u00e9veloppement des comp\u00e9tences, le renforcement des liens familiaux et la r\u00e9duction des in\u00e9galit\u00e9s sociales.<\/span><\/p>\n\n\n<p>N&rsquo;h\u00e9sitez pas \u00e0 aller visiter nos diff\u00e9rents onglets pour en savoir plus sur nos activit\u00e9s et nos projets ! <\/p>\n","protected":false},"excerpt":{"rendered":"<p>Notre mission La C\u00c9J est un organisme de formation, d\u2019intervention de milieu, d\u2019accompagnement et de soutien qui \u0153uvre aupr\u00e8s des jeunes et des familles de la grande r\u00e9gion de Montr\u00e9al.\u00a0 Par le biais d\u2019ateliers, de formations, de camps th\u00e9matiques et d\u2019une programmation d\u2019activit\u00e9s vari\u00e9es, elle vise l\u2019\u00e9panouissement personnel et collectif, le d\u00e9veloppement des comp\u00e9tences, le [&hellip;]<\/p>\n","protected":false},"author":2,"featured_media":0,"parent":0,"menu_order":0,"comment_status":"closed","ping_status":"closed","template":"","meta":{"footnotes":""},"class_list":["post-49","page","type-page","status-publish","hentry"],"_links":{"self":[{"href":"https:\/\/staging.corpoeducjeunesse.org\/clone\/index.php?rest_route=\/wp\/v2\/pages\/49","targetHints":{"allow":["GET"]}}],"collection":[{"href":"https:\/\/staging.corpoeducjeunesse.org\/clone\/index.php?rest_route=\/wp\/v2\/pages"}],"about":[{"href":"https:\/\/staging.corpoeducjeunesse.org\/clone\/index.php?rest_route=\/wp\/v2\/types\/page"}],"author":[{"embeddable":true,"href":"https:\/\/staging.corpoeducjeunesse.org\/clone\/index.php?rest_route=\/wp\/v2\/users\/2"}],"replies":[{"embeddable":true,"href":"https:\/\/staging.corpoeducjeunesse.org\/clone\/index.php?rest_route=%2Fwp%2Fv2%2Fcomments&post=49"}],"version-history":[{"count":1,"href":"https:\/\/staging.corpoeducjeunesse.org\/clone\/index.php?rest_route=\/wp\/v2\/pages\/49\/revisions"}],"predecessor-version":[{"id":1870,"href":"https:\/\/staging.corpoeducjeunesse.org\/clone\/index.php?rest_route=\/wp\/v2\/pages\/49\/revisions\/1870"}],"wp:attachment":[{"href":"https:\/\/staging.corpoeducjeunesse.org\/clone\/index.php?rest_route=%2Fwp%2Fv2%2Fmedia&parent=49"}],"curies":[{"name":"wp","href":"https:\/\/api.w.org\/{rel}","templated":true}]}}