{"id":51,"date":"2018-09-17T00:11:33","date_gmt":"2018-09-17T04:11:33","guid":{"rendered":"https:\/\/corpoeducjeunesse.wordpress.com\/?page_id=51"},"modified":"2023-12-07T22:13:56","modified_gmt":"2023-12-07T22:13:56","slug":"simpliquer-2","status":"publish","type":"page","link":"https:\/\/staging.corpoeducjeunesse.org\/clone\/?page_id=51","title":{"rendered":"S&rsquo;impliquer"},"content":{"rendered":"<p>La Corporation d&rsquo;\u00c9ducation Jeunesse est un organisme \u00e0 but non lucratif qui re\u00e7oit des subventions pour r\u00e9aliser ses projets. Malheureusement, nous devons faire face \u00e0 de nombreuses coupures et avec les co\u00fbts qui augmentent, nous devons redoubler d&rsquo;efforts pour parvenir \u00e0 financer nos activit\u00e9s afin de r\u00e9aliser nos objectifs et d&rsquo;atteindre notre mission. Nous organisons donc des activit\u00e9s de financement et r\u00e9coltons les dons afin de nous aider \u00e0 financer nos diff\u00e9rents projets et activit\u00e9s. Si vous d\u00e9sirez contribuer, visitez l&rsquo;onglet <strong><em><a href=\"https:\/\/staging.corpoeducjeunesse.org\/clone\/?page_id=85\">Activit\u00e9s de financement<\/a>.<\/em><\/strong><\/p>\n<p>Il est bien s\u00fbr aussi possible de faire un don. Pour connaitre la proc\u00e9dure\u00a0visitez l&rsquo;onglet <strong><em><a href=\"https:\/\/staging.corpoeducjeunesse.org\/clone\/?page_id=1498\">Faire un don<\/a>.<\/em><\/strong><\/p>\n<p>Nous avons \u00e9galement toujours besoin de b\u00e9n\u00e9voles pour nos diff\u00e9rentes activit\u00e9s et dans certains projets. Si vous d\u00e9sirez vous impliquer, visitez l&rsquo;onglet <em><strong><a href=\"https:\/\/staging.corpoeducjeunesse.org\/clone\/?page_id=83\">Devenir b\u00e9n\u00e9vole.<\/a><\/strong><\/em><\/p>\n<p>Merci infiniment !<\/p>\n","protected":false},"excerpt":{"rendered":"<p>La Corporation d&rsquo;\u00c9ducation Jeunesse est un organisme \u00e0 but non lucratif qui re\u00e7oit des subventions pour r\u00e9aliser ses projets. Malheureusement, nous devons faire face \u00e0 de nombreuses coupures et avec les co\u00fbts qui augmentent, nous devons redoubler d&rsquo;efforts pour parvenir \u00e0 financer nos activit\u00e9s afin de r\u00e9aliser nos objectifs et d&rsquo;atteindre notre mission. Nous organisons [&hellip;]<\/p>\n","protected":false},"author":2,"featured_media":0,"parent":0,"menu_order":0,"comment_status":"closed","ping_status":"closed","template":"","meta":{"footnotes":""},"class_list":["post-51","page","type-page","status-publish","hentry"],"_links":{"self":[{"href":"https:\/\/staging.corpoeducjeunesse.org\/clone\/index.php?rest_route=\/wp\/v2\/pages\/51","targetHints":{"allow":["GET"]}}],"collection":[{"href":"https:\/\/staging.corpoeducjeunesse.org\/clone\/index.php?rest_route=\/wp\/v2\/pages"}],"about":[{"href":"https:\/\/staging.corpoeducjeunesse.org\/clone\/index.php?rest_route=\/wp\/v2\/types\/page"}],"author":[{"embeddable":true,"href":"https:\/\/staging.corpoeducjeunesse.org\/clone\/index.php?rest_route=\/wp\/v2\/users\/2"}],"replies":[{"embeddable":true,"href":"https:\/\/staging.corpoeducjeunesse.org\/clone\/index.php?rest_route=%2Fwp%2Fv2%2Fcomments&post=51"}],"version-history":[{"count":3,"href":"https:\/\/staging.corpoeducjeunesse.org\/clone\/index.php?rest_route=\/wp\/v2\/pages\/51\/revisions"}],"predecessor-version":[{"id":1905,"href":"https:\/\/staging.corpoeducjeunesse.org\/clone\/index.php?rest_route=\/wp\/v2\/pages\/51\/revisions\/1905"}],"wp:attachment":[{"href":"https:\/\/staging.corpoeducjeunesse.org\/clone\/index.php?rest_route=%2Fwp%2Fv2%2Fmedia&parent=51"}],"curies":[{"name":"wp","href":"https:\/\/api.w.org\/{rel}","templated":true}]}}