{"id":570,"date":"2019-05-02T21:31:29","date_gmt":"2019-05-03T01:31:29","guid":{"rendered":"http:\/\/corpoeducjeunesse.org\/?page_id=570"},"modified":"2024-09-13T18:41:33","modified_gmt":"2024-09-13T18:41:33","slug":"accueil-2","status":"publish","type":"page","link":"https:\/\/staging.corpoeducjeunesse.org\/clone\/","title":{"rendered":""},"content":{"rendered":"\n<figure class=\"wp-block-image size-full\"><img loading=\"lazy\" decoding=\"async\" width=\"529\" height=\"365\" src=\"https:\/\/staging.corpoeducjeunesse.org\/clone\/wp-content\/uploads\/2019\/10\/cropped-nouveau-logo-bonne-rc3a9solution-1.jpg\" alt=\"\" class=\"wp-image-662\" srcset=\"https:\/\/staging.corpoeducjeunesse.org\/clone\/wp-content\/uploads\/2019\/10\/cropped-nouveau-logo-bonne-rc3a9solution-1.jpg 529w, https:\/\/staging.corpoeducjeunesse.org\/clone\/wp-content\/uploads\/2019\/10\/cropped-nouveau-logo-bonne-rc3a9solution-1-300x207.jpg 300w\" sizes=\"auto, (max-width: 529px) 100vw, 529px\" \/><\/figure>\n\n\n\n<p>Bienvenue sur le site web de la Corporation d&rsquo;\u00c9ducation Jeunesse (C\u00c9J).<\/p>\n\n\n\n<pre class=\"wp-block-code\"><code><div class=\"wp-block-jetpack-slideshow aligncenter\" data-autoplay=\"true\" data-delay=\"3\" data-effect=\"slide\"><div class=\"wp-block-jetpack-slideshow_container swiper-container\"><a class=\"wp-block-jetpack-slideshow_button-prev swiper-button-prev swiper-button-white\" role=\"button\"><\/a><a class=\"wp-block-jetpack-slideshow_button-next swiper-button-next swiper-button-white\" role=\"button\"><\/a><a aria-label=\"Pause Slideshow\" class=\"wp-block-jetpack-slideshow_button-pause\" role=\"button\"><\/a><div class=\"wp-block-jetpack-slideshow_pagination swiper-pagination swiper-pagination-white\"><\/div><\/div><\/div><\/code><\/pre>\n\n\n\n<p>La C\u00c9J est un organisme de formation, d\u2019intervention de milieu, d\u2019accompagnement et de soutien qui \u0153uvre aupr\u00e8s des jeunes et des familles de la grande r\u00e9gion de Montr\u00e9al.&nbsp;<\/p>\n\n\n\n<p>Par le biais d\u2019ateliers, de formations, de camps th\u00e9matiques et d\u2019une programmation d\u2019activit\u00e9s vari\u00e9es, elle vise l\u2019\u00e9panouissement personnel et collectif, le d\u00e9veloppement des comp\u00e9tences, le renforcement des liens familiaux et la r\u00e9duction des in\u00e9galit\u00e9s sociales.<\/p>\n\n\n\n<p><\/p>\n\n\n\n<p>N&rsquo;oubliez pas d&rsquo;aller visiter nos r\u00e9seaux sociaux (Facebook et Instagram) pour ne rien manquer ! <\/p>\n\n\n\n<p><br><\/p>\n\n\n\n<p class=\"has-medium-font-size\">\n\nBref, la C\u00c9J, c&rsquo;est :\n\n<\/p>\n\n\n\n<div class=\"wp-block-cover is-light has-background-dim-NaN is-style-default\"><span aria-hidden=\"true\" class=\"wp-block-cover__background has-black-background-color has-background-dim\"><\/span><img decoding=\"async\" class=\"wp-block-cover__image-background wp-image-665\" alt=\"\" src=\"https:\/\/corpoeducjeunesse.files.wordpress.com\/2019\/10\/20191019_161506.jpg\" data-object-fit=\"cover\"\/><div class=\"wp-block-cover__inner-container is-layout-flow wp-block-cover-is-layout-flow\">\n<p class=\"has-text-align-center has-white-color has-text-color has-large-font-size\">Des s\u00e9jours \u00e9vasion familiale inoubliables<\/p>\n<\/div><\/div>\n\n\n\n<div class=\"wp-block-cover is-light aligncenter is-style-default\"><span aria-hidden=\"true\" class=\"wp-block-cover__background has-black-background-color has-background-dim\"><\/span><img loading=\"lazy\" decoding=\"async\" width=\"1156\" height=\"867\" class=\"wp-block-cover__image-background wp-image-681\" alt=\"\" src=\"https:\/\/corpoeducjeunesse.files.wordpress.com\/2020\/01\/photo-groupe-parrainage.jpg\" data-object-fit=\"cover\" srcset=\"https:\/\/staging.corpoeducjeunesse.org\/clone\/wp-content\/uploads\/2020\/01\/photo-groupe-parrainage.jpg 1156w, https:\/\/staging.corpoeducjeunesse.org\/clone\/wp-content\/uploads\/2020\/01\/photo-groupe-parrainage-300x225.jpg 300w, https:\/\/staging.corpoeducjeunesse.org\/clone\/wp-content\/uploads\/2020\/01\/photo-groupe-parrainage-1024x768.jpg 1024w, https:\/\/staging.corpoeducjeunesse.org\/clone\/wp-content\/uploads\/2020\/01\/photo-groupe-parrainage-768x576.jpg 768w\" sizes=\"auto, (max-width: 1156px) 100vw, 1156px\" \/><div class=\"wp-block-cover__inner-container is-layout-flow wp-block-cover-is-layout-flow\">\n<p class=\"has-text-align-center has-white-color has-text-color has-large-font-size\">Des projets fort enrichissants pour nos jeunes <\/p>\n<\/div><\/div>\n\n\n\n<div class=\"wp-block-cover aligncenter\"><span aria-hidden=\"true\" class=\"wp-block-cover__background has-black-background-color has-background-dim\"><\/span><img loading=\"lazy\" decoding=\"async\" width=\"1440\" height=\"1080\" class=\"wp-block-cover__image-background wp-image-1960\" alt=\"\" src=\"https:\/\/staging.corpoeducjeunesse.org\/clone\/wp-content\/uploads\/2024\/09\/photo-anims-sec-5.jpeg\" data-object-fit=\"cover\" srcset=\"https:\/\/staging.corpoeducjeunesse.org\/clone\/wp-content\/uploads\/2024\/09\/photo-anims-sec-5.jpeg 1440w, https:\/\/staging.corpoeducjeunesse.org\/clone\/wp-content\/uploads\/2024\/09\/photo-anims-sec-5-300x225.jpeg 300w, https:\/\/staging.corpoeducjeunesse.org\/clone\/wp-content\/uploads\/2024\/09\/photo-anims-sec-5-1024x768.jpeg 1024w, https:\/\/staging.corpoeducjeunesse.org\/clone\/wp-content\/uploads\/2024\/09\/photo-anims-sec-5-768x576.jpeg 768w\" sizes=\"auto, (max-width: 1440px) 100vw, 1440px\" \/><div class=\"wp-block-cover__inner-container is-layout-flow wp-block-cover-is-layout-flow\">\n<p class=\"has-text-align-center has-white-color has-text-color has-large-font-size\">Une exp\u00e9rience unique pour nos b\u00e9n\u00e9voles<br><\/p>\n<\/div><\/div>\n\n\n\n<div class=\"wp-block-cover is-light\"><span aria-hidden=\"true\" class=\"wp-block-cover__background has-black-background-color has-background-dim\"><\/span><img loading=\"lazy\" decoding=\"async\" width=\"1765\" height=\"1155\" class=\"wp-block-cover__image-background wp-image-622\" alt=\"\" src=\"https:\/\/corpoeducjeunesse.files.wordpress.com\/2019\/05\/44600279_2041893825847182_8530505885439492096_o.jpg\" data-object-fit=\"cover\" srcset=\"https:\/\/staging.corpoeducjeunesse.org\/clone\/wp-content\/uploads\/2019\/05\/44600279_2041893825847182_8530505885439492096_o.jpg 1765w, https:\/\/staging.corpoeducjeunesse.org\/clone\/wp-content\/uploads\/2019\/05\/44600279_2041893825847182_8530505885439492096_o-300x196.jpg 300w, https:\/\/staging.corpoeducjeunesse.org\/clone\/wp-content\/uploads\/2019\/05\/44600279_2041893825847182_8530505885439492096_o-1024x670.jpg 1024w, https:\/\/staging.corpoeducjeunesse.org\/clone\/wp-content\/uploads\/2019\/05\/44600279_2041893825847182_8530505885439492096_o-768x503.jpg 768w, https:\/\/staging.corpoeducjeunesse.org\/clone\/wp-content\/uploads\/2019\/05\/44600279_2041893825847182_8530505885439492096_o-1536x1005.jpg 1536w\" sizes=\"auto, (max-width: 1765px) 100vw, 1765px\" \/><div class=\"wp-block-cover__inner-container is-layout-flow wp-block-cover-is-layout-flow\">\n<p class=\"has-text-align-center has-white-color has-text-color has-large-font-size\">Des activit\u00e9s de financement hors du commun<\/p>\n<\/div><\/div>\n\n\n\n<h2 class=\"wp-block-heading\"><\/h2>\n\n\n\n<div class=\"wp-block-cover is-light\"><span aria-hidden=\"true\" class=\"wp-block-cover__background has-background-dim\"><\/span><img loading=\"lazy\" decoding=\"async\" width=\"960\" height=\"538\" class=\"wp-block-cover__image-background wp-image-625\" alt=\"\" src=\"https:\/\/corpoeducjeunesse.files.wordpress.com\/2019\/05\/167.jpg\" data-object-fit=\"cover\" srcset=\"https:\/\/staging.corpoeducjeunesse.org\/clone\/wp-content\/uploads\/2019\/05\/167.jpg 960w, https:\/\/staging.corpoeducjeunesse.org\/clone\/wp-content\/uploads\/2019\/05\/167-300x168.jpg 300w, https:\/\/staging.corpoeducjeunesse.org\/clone\/wp-content\/uploads\/2019\/05\/167-768x430.jpg 768w\" sizes=\"auto, (max-width: 960px) 100vw, 960px\" \/><div class=\"wp-block-cover__inner-container is-layout-flow wp-block-cover-is-layout-flow\">\n<p class=\"has-text-align-center has-white-color has-text-color has-large-font-size\">Une \u00e9quipe du tonnerre !<\/p>\n<\/div><\/div>\n\n\n\n<p><\/p>\n\n\n\n<p><\/p>\n\n\n\n<div class=\"wp-block-buttons is-content-justification-center is-layout-flex wp-container-core-buttons-is-layout-a89b3969 wp-block-buttons-is-layout-flex\">\n<div class=\"wp-block-button is-style-fill\"><a class=\"wp-block-button__link wp-element-button\" href=\"https:\/\/forms.gle\/HMXqfQN9mSJbnknz9\" target=\"_blank\" rel=\"noreferrer noopener\">S&rsquo;abonner \u00e0 notre infolettre<\/a><\/div>\n<\/div>\n\n\n\n<div class=\"wp-block-media-text has-media-on-the-right is-stacked-on-mobile\"><div class=\"wp-block-media-text__content\">\n<p>Merci \u00e0 Desjardins pour sa contribution ! <\/p>\n<\/div><figure class=\"wp-block-media-text__media\"><a href=\"https:\/\/www.desjardins.com\/votre-caisse\/engagement-communaute\/index.jsp?transit=81530015&amp;fbclid=IwAR3MvLhNzhl_AceIE4wXKtKnUyqRAcYt1HoVNcks594EzXpUvqQjfIKyWwg\" target=\"_blank\" rel=\"noreferrer noopener\"><img decoding=\"async\" src=\"https:\/\/staging.corpoeducjeunesse.org\/clone\/wp-content\/uploads\/2023\/04\/partenaire-desjardins-1.jpeg?w=934\" alt=\"\" class=\"wp-image-1740 size-full\"\/><\/a><\/figure><\/div>\n","protected":false},"excerpt":{"rendered":"<p>Bienvenue sur le site web de la Corporation d&rsquo;\u00c9ducation Jeunesse (C\u00c9J). La C\u00c9J est un organisme de formation, d\u2019intervention de milieu, d\u2019accompagnement et de soutien qui \u0153uvre aupr\u00e8s des jeunes et des familles de la grande r\u00e9gion de Montr\u00e9al.&nbsp; Par le biais d\u2019ateliers, de formations, de camps th\u00e9matiques et d\u2019une programmation d\u2019activit\u00e9s vari\u00e9es, elle vise [&hellip;]<\/p>\n","protected":false},"author":2,"featured_media":0,"parent":0,"menu_order":0,"comment_status":"open","ping_status":"closed","template":"","meta":{"footnotes":""},"class_list":["post-570","page","type-page","status-publish","hentry"],"_links":{"self":[{"href":"https:\/\/staging.corpoeducjeunesse.org\/clone\/index.php?rest_route=\/wp\/v2\/pages\/570","targetHints":{"allow":["GET"]}}],"collection":[{"href":"https:\/\/staging.corpoeducjeunesse.org\/clone\/index.php?rest_route=\/wp\/v2\/pages"}],"about":[{"href":"https:\/\/staging.corpoeducjeunesse.org\/clone\/index.php?rest_route=\/wp\/v2\/types\/page"}],"author":[{"embeddable":true,"href":"https:\/\/staging.corpoeducjeunesse.org\/clone\/index.php?rest_route=\/wp\/v2\/users\/2"}],"replies":[{"embeddable":true,"href":"https:\/\/staging.corpoeducjeunesse.org\/clone\/index.php?rest_route=%2Fwp%2Fv2%2Fcomments&post=570"}],"version-history":[{"count":8,"href":"https:\/\/staging.corpoeducjeunesse.org\/clone\/index.php?rest_route=\/wp\/v2\/pages\/570\/revisions"}],"predecessor-version":[{"id":1962,"href":"https:\/\/staging.corpoeducjeunesse.org\/clone\/index.php?rest_route=\/wp\/v2\/pages\/570\/revisions\/1962"}],"wp:attachment":[{"href":"https:\/\/staging.corpoeducjeunesse.org\/clone\/index.php?rest_route=%2Fwp%2Fv2%2Fmedia&parent=570"}],"curies":[{"name":"wp","href":"https:\/\/api.w.org\/{rel}","templated":true}]}}