{"id":60,"date":"2018-09-17T00:18:37","date_gmt":"2018-09-17T04:18:37","guid":{"rendered":"https:\/\/corpoeducjeunesse.wordpress.com\/?page_id=60"},"modified":"2023-09-28T15:04:37","modified_gmt":"2023-09-28T15:04:37","slug":"presentation-de-lorganisme","status":"publish","type":"page","link":"https:\/\/staging.corpoeducjeunesse.org\/clone\/?page_id=60","title":{"rendered":"Pr\u00e9sentation de l&rsquo;organisme"},"content":{"rendered":"\n<p><strong>Mission<\/strong><\/p>\n\n\n\n<p>La C\u00c9J est un organisme de formation, d\u2019intervention de milieu, d\u2019accompagnement et de soutien qui \u0153uvre aupr\u00e8s des jeunes et des familles de la grande r\u00e9gion de Montr\u00e9al.\u00a0<\/p>\n\n\n\n<p>Par le biais d\u2019ateliers, de formations, de camps th\u00e9matiques et d\u2019une programmation d\u2019activit\u00e9s vari\u00e9es, elle vise l\u2019\u00e9panouissement personnel et collectif, le d\u00e9veloppement des comp\u00e9tences, le renforcement des liens familiaux et la r\u00e9duction des in\u00e9galit\u00e9s sociales.<\/p>\n\n\n\n<p><strong>Vision <\/strong><\/p>\n\n\n\n<p>B\u00e2tir une communaut\u00e9 juste et \u00e9quitable qui favorise l\u2019inclusion, la participation sociale et l\u2019\u00e9panouissement individuel et collectif des jeunes et des familles de tous horizons.<\/p>\n\n\n\n<p><strong>Valeurs <\/strong><\/p>\n\n\n\n<p>Les valeurs de la C\u00c9J reposent sur cinq grands principes:<\/p>\n\n\n\n<ul class=\"wp-block-list\">\n<li>La justice sociale et l\u2019\u00e9galit\u00e9 des chances<\/li>\n\n\n\n<li>L\u2019\u00e9coute et l\u2019ouverture&nbsp;<\/li>\n\n\n\n<li>l\u2019accueil, et l\u2019inclusion<\/li>\n\n\n\n<li>L\u2019int\u00e9grit\u00e9, le respect et le professionnalisme de nos interventions<\/li>\n\n\n\n<li>La collaboration, le partenariat et la vie d\u00e9mocratique<\/li>\n<\/ul>\n","protected":false},"excerpt":{"rendered":"<p>Mission La C\u00c9J est un organisme de formation, d\u2019intervention de milieu, d\u2019accompagnement et de soutien qui \u0153uvre aupr\u00e8s des jeunes et des familles de la grande r\u00e9gion de Montr\u00e9al.\u00a0 Par le biais d\u2019ateliers, de formations, de camps th\u00e9matiques et d\u2019une programmation d\u2019activit\u00e9s vari\u00e9es, elle vise l\u2019\u00e9panouissement personnel et collectif, le d\u00e9veloppement des comp\u00e9tences, le renforcement [&hellip;]<\/p>\n","protected":false},"author":2,"featured_media":820,"parent":49,"menu_order":1,"comment_status":"closed","ping_status":"closed","template":"","meta":{"footnotes":""},"class_list":["post-60","page","type-page","status-publish","has-post-thumbnail","hentry"],"_links":{"self":[{"href":"https:\/\/staging.corpoeducjeunesse.org\/clone\/index.php?rest_route=\/wp\/v2\/pages\/60","targetHints":{"allow":["GET"]}}],"collection":[{"href":"https:\/\/staging.corpoeducjeunesse.org\/clone\/index.php?rest_route=\/wp\/v2\/pages"}],"about":[{"href":"https:\/\/staging.corpoeducjeunesse.org\/clone\/index.php?rest_route=\/wp\/v2\/types\/page"}],"author":[{"embeddable":true,"href":"https:\/\/staging.corpoeducjeunesse.org\/clone\/index.php?rest_route=\/wp\/v2\/users\/2"}],"replies":[{"embeddable":true,"href":"https:\/\/staging.corpoeducjeunesse.org\/clone\/index.php?rest_route=%2Fwp%2Fv2%2Fcomments&post=60"}],"version-history":[{"count":2,"href":"https:\/\/staging.corpoeducjeunesse.org\/clone\/index.php?rest_route=\/wp\/v2\/pages\/60\/revisions"}],"predecessor-version":[{"id":1869,"href":"https:\/\/staging.corpoeducjeunesse.org\/clone\/index.php?rest_route=\/wp\/v2\/pages\/60\/revisions\/1869"}],"up":[{"embeddable":true,"href":"https:\/\/staging.corpoeducjeunesse.org\/clone\/index.php?rest_route=\/wp\/v2\/pages\/49"}],"wp:featuredmedia":[{"embeddable":true,"href":"https:\/\/staging.corpoeducjeunesse.org\/clone\/index.php?rest_route=\/wp\/v2\/media\/820"}],"wp:attachment":[{"href":"https:\/\/staging.corpoeducjeunesse.org\/clone\/index.php?rest_route=%2Fwp%2Fv2%2Fmedia&parent=60"}],"curies":[{"name":"wp","href":"https:\/\/api.w.org\/{rel}","templated":true}]}}