{"id":74,"date":"2018-09-17T00:28:17","date_gmt":"2018-09-17T04:28:17","guid":{"rendered":"https:\/\/corpoeducjeunesse.wordpress.com\/?page_id=74"},"modified":"2024-09-13T19:57:34","modified_gmt":"2024-09-13T19:57:34","slug":"projet-parrainage","status":"publish","type":"page","link":"https:\/\/staging.corpoeducjeunesse.org\/clone\/?page_id=74","title":{"rendered":"Projet parrainage"},"content":{"rendered":"\n<figure class=\"wp-block-image size-large\"><img loading=\"lazy\" decoding=\"async\" width=\"1024\" height=\"769\" src=\"https:\/\/staging.corpoeducjeunesse.org\/clone\/wp-content\/uploads\/2024\/09\/parrainage-2024-1024x769.jpg\" alt=\"\" class=\"wp-image-1988\" srcset=\"https:\/\/staging.corpoeducjeunesse.org\/clone\/wp-content\/uploads\/2024\/09\/parrainage-2024-1024x769.jpg 1024w, https:\/\/staging.corpoeducjeunesse.org\/clone\/wp-content\/uploads\/2024\/09\/parrainage-2024-300x225.jpg 300w, https:\/\/staging.corpoeducjeunesse.org\/clone\/wp-content\/uploads\/2024\/09\/parrainage-2024-768x577.jpg 768w, https:\/\/staging.corpoeducjeunesse.org\/clone\/wp-content\/uploads\/2024\/09\/parrainage-2024-1536x1153.jpg 1536w, https:\/\/staging.corpoeducjeunesse.org\/clone\/wp-content\/uploads\/2024\/09\/parrainage-2024.jpg 1734w\" sizes=\"auto, (max-width: 1024px) 100vw, 1024px\" \/><\/figure>\n\n\n\n<p>Le <strong>Projet Parrainage\u00a0<\/strong>est un projet qui s&rsquo;adresse aux \u00e9l\u00e8ves de secondaire 4 et 5 de l&rsquo;\u00e9cole secondaire Georges-Vanier, situ\u00e9e dans le quartier Villeray. Il permet une transition primaire\/secondaire plus facile et moins stressante pour les nouveaux \u00e9l\u00e8ves de secondaire 1.<\/p>\n\n\n\n<p>Les \u00e9l\u00e8ves qui choisissent de s&rsquo;y inscrire sont jumel\u00e9s \u00e0 quelques \u00e9l\u00e8ves de secondaire 1 lors de la journ\u00e9e de la rentr\u00e9e. Lors de cette journ\u00e9e, ils accueillent les \u00e9l\u00e8ves qui entrent au secondaire, les aident \u00e0 r\u00e9cup\u00e9rer leurs fournitures scolaires, les dirigent pour une premi\u00e8re fois dans l&rsquo;\u00e9cole et les font participer \u00e0 une premi\u00e8re activit\u00e9 brise-glace. Les parrains et les marraines accompagnent les \u00e9l\u00e8ves de secondaire 1 pour les aider non seulement \u00e0 r\u00e9ussir leur transition, mais aussi \u00e0 r\u00e9duire de beaucoup leur niveau de stress et leurs inqui\u00e9tudes.<\/p>\n\n\n\n<p>Pendant les semaines suivantes, les parrains et les marraines aident les \u00e9l\u00e8ves auxquels ils sont jumel\u00e9s \u00e0 trouver leurs locaux, \u00e0 comprendre leur horaire, \u00e0 ouvrir leurs cadenas, etc. Ils r\u00e9pondent \u00e0 leurs questions et sont l\u00e0 pour les aider le mieux possible \u00e0 s&rsquo;int\u00e9grer \u00e0 leur nouvelle \u00e9cole. Ensuite, ils organisent quelques activit\u00e9s avec leurs parrain\u00e9s pour les aider \u00e0 cr\u00e9er leurs premi\u00e8res amiti\u00e9s ou simplement pour passer du bon temps ensemble.<\/p>\n\n\n\n<p>Ce projet se donne depuis plusieurs ann\u00e9es maintenant et \u00e0 chaque ann\u00e9e, les \u00e9l\u00e8ves de secondaire 1 se sentent privil\u00e9gi\u00e9s d&rsquo;avoir un&nbsp;\u00abv\u00e9t\u00e9ran\u00bb qui est l\u00e0 pour eux. Le fait d&rsquo;avoir un grand ou une grande de secondaire 4 ou 5 avec eux les aide \u00e9norm\u00e9ment \u00e0 non seulement moins craindre ces derniers, mais aussi \u00e0 r\u00e9duire leur stress, \u00e0 faciliter la transition primaire\/secondaire et ainsi \u00e0 s&rsquo;adapter \u00e0 cette nouvelle \u00e9tape de leur vie.<\/p>\n\n\n\n<p>Pour les parrains et les marraines, il s&rsquo;agit \u00e9galement d&rsquo;une exp\u00e9rience extr\u00eamement enrichissante pour eux. En plus de leur donner le sentiment tr\u00e8s valorisant d&rsquo;avoir aid\u00e9 des personnes, ce projet d\u00e9veloppe leur autonomie, leur sens des responsabilit\u00e9s, leur sens de l&rsquo;\u00e9coute et de l&rsquo;entraide ainsi que leur sens de l&rsquo;organisation.<\/p>\n\n\n\n<p>Les \u00e9l\u00e8ves inscrits au projet ont \u00e9galement la chance, s&rsquo;ils le veulent, d&rsquo;animer un s\u00e9jour<strong>\u00a0\u00e9vasion familiale<\/strong> pendant l&rsquo;ann\u00e9e. Pour plus d&rsquo;informations sur ces s\u00e9jours, visitez la section <a href=\"https:\/\/corpoeducjeunesse.wordpress.com\/activites-2\/sejours\/\">\u00c9vasion familiale<\/a> de notre site.<\/p>\n\n\n\n<p>La Corportation d&rsquo;\u00c9ducation Jeunesse est fi\u00e8re de proposer ce projet ann\u00e9e apr\u00e8s ann\u00e9e et remercie tous les parrains et les marraines qui s&rsquo;engagent en grand nombre depuis plus de 20 ans !<\/p>\n\n\n\n<figure class=\"wp-block-image\"><img decoding=\"async\" src=\"https:\/\/corpoeducjeunesse.files.wordpress.com\/2018\/09\/parrainage-2014.jpg\" alt=\"parrainage 2014.jpg\" class=\"wp-image-127\"\/><\/figure>\n\n\n\n<p class=\"has-text-align-center\"><\/p>\n\n\n\n<figure class=\"wp-block-image size-large is-style-default\"><img decoding=\"async\" src=\"https:\/\/corpoeducjeunesse.files.wordpress.com\/2020\/02\/groupe-e1590180875314.jpg?w=1024\" alt=\"\" class=\"wp-image-738\"\/><\/figure>\n\n\n\n<figure class=\"wp-block-image size-large\"><img loading=\"lazy\" decoding=\"async\" width=\"1024\" height=\"768\" src=\"https:\/\/staging.corpoeducjeunesse.org\/clone\/wp-content\/uploads\/2024\/09\/parrainage-2023-1024x768.jpg\" alt=\"\" class=\"wp-image-1987\" srcset=\"https:\/\/staging.corpoeducjeunesse.org\/clone\/wp-content\/uploads\/2024\/09\/parrainage-2023-1024x768.jpg 1024w, https:\/\/staging.corpoeducjeunesse.org\/clone\/wp-content\/uploads\/2024\/09\/parrainage-2023-300x225.jpg 300w, https:\/\/staging.corpoeducjeunesse.org\/clone\/wp-content\/uploads\/2024\/09\/parrainage-2023-768x576.jpg 768w, https:\/\/staging.corpoeducjeunesse.org\/clone\/wp-content\/uploads\/2024\/09\/parrainage-2023-1536x1152.jpg 1536w, https:\/\/staging.corpoeducjeunesse.org\/clone\/wp-content\/uploads\/2024\/09\/parrainage-2023.jpg 2048w\" sizes=\"auto, (max-width: 1024px) 100vw, 1024px\" \/><\/figure>\n","protected":false},"excerpt":{"rendered":"<p>Le Projet Parrainage\u00a0est un projet qui s&rsquo;adresse aux \u00e9l\u00e8ves de secondaire 4 et 5 de l&rsquo;\u00e9cole secondaire Georges-Vanier, situ\u00e9e dans le quartier Villeray. Il permet une transition primaire\/secondaire plus facile et moins stressante pour les nouveaux \u00e9l\u00e8ves de secondaire 1. Les \u00e9l\u00e8ves qui choisissent de s&rsquo;y inscrire sont jumel\u00e9s \u00e0 quelques \u00e9l\u00e8ves de secondaire 1 [&hellip;]<\/p>\n","protected":false},"author":2,"featured_media":0,"parent":72,"menu_order":0,"comment_status":"closed","ping_status":"closed","template":"","meta":{"footnotes":""},"class_list":["post-74","page","type-page","status-publish","hentry"],"_links":{"self":[{"href":"https:\/\/staging.corpoeducjeunesse.org\/clone\/index.php?rest_route=\/wp\/v2\/pages\/74","targetHints":{"allow":["GET"]}}],"collection":[{"href":"https:\/\/staging.corpoeducjeunesse.org\/clone\/index.php?rest_route=\/wp\/v2\/pages"}],"about":[{"href":"https:\/\/staging.corpoeducjeunesse.org\/clone\/index.php?rest_route=\/wp\/v2\/types\/page"}],"author":[{"embeddable":true,"href":"https:\/\/staging.corpoeducjeunesse.org\/clone\/index.php?rest_route=\/wp\/v2\/users\/2"}],"replies":[{"embeddable":true,"href":"https:\/\/staging.corpoeducjeunesse.org\/clone\/index.php?rest_route=%2Fwp%2Fv2%2Fcomments&post=74"}],"version-history":[{"count":2,"href":"https:\/\/staging.corpoeducjeunesse.org\/clone\/index.php?rest_route=\/wp\/v2\/pages\/74\/revisions"}],"predecessor-version":[{"id":1986,"href":"https:\/\/staging.corpoeducjeunesse.org\/clone\/index.php?rest_route=\/wp\/v2\/pages\/74\/revisions\/1986"}],"up":[{"embeddable":true,"href":"https:\/\/staging.corpoeducjeunesse.org\/clone\/index.php?rest_route=\/wp\/v2\/pages\/72"}],"wp:attachment":[{"href":"https:\/\/staging.corpoeducjeunesse.org\/clone\/index.php?rest_route=%2Fwp%2Fv2%2Fmedia&parent=74"}],"curies":[{"name":"wp","href":"https:\/\/api.w.org\/{rel}","templated":true}]}}