{"id":83,"date":"2018-09-17T00:32:39","date_gmt":"2018-09-17T04:32:39","guid":{"rendered":"https:\/\/corpoeducjeunesse.wordpress.com\/?page_id=83"},"modified":"2023-09-29T12:56:22","modified_gmt":"2023-09-29T12:56:22","slug":"devenir-benevole","status":"publish","type":"page","link":"https:\/\/staging.corpoeducjeunesse.org\/clone\/?page_id=83","title":{"rendered":"Devenir b\u00e9n\u00e9vole"},"content":{"rendered":"\n<p>Sans l&rsquo;appui de ses tr\u00e8s nombreux b\u00e9n\u00e9voles, la Corporation d&rsquo;\u00c9ducation Jeunesse n&rsquo;en serait certainement pas l\u00e0 o\u00f9 elle est aujourd&rsquo;hui. C&rsquo;est pouss\u00e9e par ses b\u00e9n\u00e9voles qui s&rsquo;impliquent \u00e9norm\u00e9ment que la C\u00c9J peut poursuivre sa mission et atteindre ses objectifs. Que ce soit pour venir animer des s\u00e9jours comme des camps \u00e9vasion familiale, occuper un poste pendant un \u00e9v\u00e9nement b\u00e9n\u00e9fice ou simplement en donnant un peu de son temps \u00e0 la C\u00c9J, peu importe la fa\u00e7on, chaque b\u00e9n\u00e9vole qui a donn\u00e9 de son temps a infiniment aid\u00e9 l&rsquo;organisme et nous en serons \u00e9ternellement reconnaissants.<\/p>\n\n\n\n<p>Nous sommes \u00e9videmment ouverts \u00e0 la venue de nouveaux b\u00e9n\u00e9voles. Si vous d\u00e9sirez vous impliquer de quelconque fa\u00e7on avec la C\u00c9J ou si vous connaissez quelqu&rsquo;un qui ferait le b\u00e9n\u00e9vole id\u00e9al, voici comment faire:<\/p>\n\n\n\n<figure class=\"wp-block-image is-resized\"><img loading=\"lazy\" decoding=\"async\" src=\"https:\/\/corpoeducjeunesse.files.wordpress.com\/2018\/09\/facebook.png\" alt=\"facebook\" class=\"wp-image-29\" style=\"width:51px;height:51px\" width=\"51\" height=\"51\" srcset=\"https:\/\/staging.corpoeducjeunesse.org\/clone\/wp-content\/uploads\/2018\/09\/facebook.png 325w, https:\/\/staging.corpoeducjeunesse.org\/clone\/wp-content\/uploads\/2018\/09\/facebook-300x300.png 300w, https:\/\/staging.corpoeducjeunesse.org\/clone\/wp-content\/uploads\/2018\/09\/facebook-150x150.png 150w\" sizes=\"auto, (max-width: 51px) 100vw, 51px\" \/><\/figure>\n\n\n\n<p>&nbsp;Envoyez-nous un message sur la page Facebook:&nbsp;&nbsp;<a href=\"https:\/\/www.facebook.com\/corpoeducjeunesse\/\" target=\"_blank\" rel=\"noopener\">Corporation d&rsquo;\u00c9ducation Jeunesse &#8211; C\u00c9J<\/a><\/p>\n\n\n\n<figure class=\"wp-block-image is-resized\"><img loading=\"lazy\" decoding=\"async\" src=\"https:\/\/corpoeducjeunesse.files.wordpress.com\/2018\/09\/tc3a9lc3a9phone.jpg\" alt=\"phone icon telephone sign\" class=\"wp-image-155\" style=\"width:65px;height:65px\" width=\"65\" height=\"65\" srcset=\"https:\/\/staging.corpoeducjeunesse.org\/clone\/wp-content\/uploads\/2018\/09\/tc3a9lc3a9phone.jpg 1300w, https:\/\/staging.corpoeducjeunesse.org\/clone\/wp-content\/uploads\/2018\/09\/tc3a9lc3a9phone-300x300.jpg 300w, https:\/\/staging.corpoeducjeunesse.org\/clone\/wp-content\/uploads\/2018\/09\/tc3a9lc3a9phone-1024x1024.jpg 1024w, https:\/\/staging.corpoeducjeunesse.org\/clone\/wp-content\/uploads\/2018\/09\/tc3a9lc3a9phone-150x150.jpg 150w, https:\/\/staging.corpoeducjeunesse.org\/clone\/wp-content\/uploads\/2018\/09\/tc3a9lc3a9phone-768x768.jpg 768w\" sizes=\"auto, (max-width: 65px) 100vw, 65px\" \/><\/figure>\n\n\n\n<p>Par t\u00e9l\u00e9phone: 514-270-6079<\/p>\n\n\n\n<figure class=\"wp-block-image is-resized\"><img loading=\"lazy\" decoding=\"async\" src=\"https:\/\/corpoeducjeunesse.files.wordpress.com\/2018\/09\/courriel.jpg\" alt=\"courriel\" class=\"wp-image-156\" style=\"width:48px;height:48px\" width=\"48\" height=\"48\" srcset=\"https:\/\/staging.corpoeducjeunesse.org\/clone\/wp-content\/uploads\/2018\/09\/courriel.jpg 600w, https:\/\/staging.corpoeducjeunesse.org\/clone\/wp-content\/uploads\/2018\/09\/courriel-300x300.jpg 300w, https:\/\/staging.corpoeducjeunesse.org\/clone\/wp-content\/uploads\/2018\/09\/courriel-150x150.jpg 150w\" sizes=\"auto, (max-width: 48px) 100vw, 48px\" \/><\/figure>\n\n\n\n<p>Par courriel :<\/p>\n\n\n\n<p>direction@corpoeducjeunesse.org<\/p>\n\n\n\n<p><\/p>\n\n\n\n<p>Merci infiniment et au plaisir de vous voir ! \ud83d\ude09<\/p>\n\n\n\n<p>Voici quelques photos de nos b\u00e9n\u00e9voles :<\/p>\n\n\n\n<figure class=\"wp-block-gallery has-nested-images columns-3 is-cropped wp-block-gallery-1 is-layout-flex wp-block-gallery-is-layout-flex\">\n<figure class=\"wp-block-image\"><a href=\"https:\/\/staging.corpoeducjeunesse.org\/clone\/?attachment_id=625\"><img loading=\"lazy\" decoding=\"async\" width=\"960\" height=\"538\" data-id=\"625\" src=\"https:\/\/staging.corpoeducjeunesse.org\/clone\/wp-content\/uploads\/2019\/05\/167.jpg\" alt=\"\" class=\"wp-image-625\" srcset=\"https:\/\/staging.corpoeducjeunesse.org\/clone\/wp-content\/uploads\/2019\/05\/167.jpg 960w, https:\/\/staging.corpoeducjeunesse.org\/clone\/wp-content\/uploads\/2019\/05\/167-300x168.jpg 300w, https:\/\/staging.corpoeducjeunesse.org\/clone\/wp-content\/uploads\/2019\/05\/167-768x430.jpg 768w\" sizes=\"auto, (max-width: 960px) 100vw, 960px\" \/><\/a><figcaption class=\"wp-element-caption\">Rodrigo, Marc, Keven et Amaury : les coordonateurs<\/figcaption><\/figure>\n\n\n\n<figure class=\"wp-block-image\"><a href=\"https:\/\/staging.corpoeducjeunesse.org\/clone\/?attachment_id=608\"><img loading=\"lazy\" decoding=\"async\" width=\"1024\" height=\"575\" data-id=\"608\" src=\"https:\/\/staging.corpoeducjeunesse.org\/clone\/wp-content\/uploads\/2019\/05\/56575809_2063095590657782_3233168732373123072_n-1024x575.jpg\" alt=\"\" class=\"wp-image-608\" srcset=\"https:\/\/staging.corpoeducjeunesse.org\/clone\/wp-content\/uploads\/2019\/05\/56575809_2063095590657782_3233168732373123072_n-1024x575.jpg 1024w, https:\/\/staging.corpoeducjeunesse.org\/clone\/wp-content\/uploads\/2019\/05\/56575809_2063095590657782_3233168732373123072_n-300x169.jpg 300w, https:\/\/staging.corpoeducjeunesse.org\/clone\/wp-content\/uploads\/2019\/05\/56575809_2063095590657782_3233168732373123072_n-768x432.jpg 768w, https:\/\/staging.corpoeducjeunesse.org\/clone\/wp-content\/uploads\/2019\/05\/56575809_2063095590657782_3233168732373123072_n-1536x863.jpg 1536w, https:\/\/staging.corpoeducjeunesse.org\/clone\/wp-content\/uploads\/2019\/05\/56575809_2063095590657782_3233168732373123072_n.jpg 1600w\" sizes=\"auto, (max-width: 1024px) 100vw, 1024px\" \/><\/a><figcaption class=\"wp-element-caption\">\u00c9quipe d&rsquo;animation mai 2019<\/figcaption><\/figure>\n\n\n\n<figure class=\"wp-block-image\"><a href=\"https:\/\/staging.corpoeducjeunesse.org\/clone\/?attachment_id=652\"><img loading=\"lazy\" decoding=\"async\" width=\"1024\" height=\"576\" data-id=\"652\" src=\"https:\/\/staging.corpoeducjeunesse.org\/clone\/wp-content\/uploads\/2019\/09\/img_20190825_141324585_hdr-1024x576.jpg\" alt=\"\" class=\"wp-image-652\" srcset=\"https:\/\/staging.corpoeducjeunesse.org\/clone\/wp-content\/uploads\/2019\/09\/img_20190825_141324585_hdr-1024x576.jpg 1024w, https:\/\/staging.corpoeducjeunesse.org\/clone\/wp-content\/uploads\/2019\/09\/img_20190825_141324585_hdr-300x169.jpg 300w, https:\/\/staging.corpoeducjeunesse.org\/clone\/wp-content\/uploads\/2019\/09\/img_20190825_141324585_hdr-768x432.jpg 768w, https:\/\/staging.corpoeducjeunesse.org\/clone\/wp-content\/uploads\/2019\/09\/img_20190825_141324585_hdr-1536x864.jpg 1536w, https:\/\/staging.corpoeducjeunesse.org\/clone\/wp-content\/uploads\/2019\/09\/img_20190825_141324585_hdr-2048x1152.jpg 2048w\" sizes=\"auto, (max-width: 1024px) 100vw, 1024px\" \/><\/a><figcaption class=\"wp-element-caption\">\u00c9quipe d&rsquo;animation du camp ao\u00fbt 2019<\/figcaption><\/figure>\n\n\n\n<figure class=\"wp-block-image\"><a href=\"https:\/\/staging.corpoeducjeunesse.org\/clone\/?attachment_id=653\"><img loading=\"lazy\" decoding=\"async\" width=\"1024\" height=\"576\" data-id=\"653\" src=\"https:\/\/staging.corpoeducjeunesse.org\/clone\/wp-content\/uploads\/2019\/09\/img_20190526_160504039_hdr-1024x576.jpg\" alt=\"\" class=\"wp-image-653\" srcset=\"https:\/\/staging.corpoeducjeunesse.org\/clone\/wp-content\/uploads\/2019\/09\/img_20190526_160504039_hdr-1024x576.jpg 1024w, https:\/\/staging.corpoeducjeunesse.org\/clone\/wp-content\/uploads\/2019\/09\/img_20190526_160504039_hdr-300x169.jpg 300w, https:\/\/staging.corpoeducjeunesse.org\/clone\/wp-content\/uploads\/2019\/09\/img_20190526_160504039_hdr-768x432.jpg 768w, https:\/\/staging.corpoeducjeunesse.org\/clone\/wp-content\/uploads\/2019\/09\/img_20190526_160504039_hdr-1536x864.jpg 1536w, https:\/\/staging.corpoeducjeunesse.org\/clone\/wp-content\/uploads\/2019\/09\/img_20190526_160504039_hdr-2048x1152.jpg 2048w\" sizes=\"auto, (max-width: 1024px) 100vw, 1024px\" \/><\/a><figcaption class=\"wp-element-caption\">Keven, Tad\u00e9ane et Kamilia<\/figcaption><\/figure>\n\n\n\n<figure class=\"wp-block-image\"><a href=\"https:\/\/staging.corpoeducjeunesse.org\/clone\/?attachment_id=624\"><img loading=\"lazy\" decoding=\"async\" width=\"960\" height=\"720\" data-id=\"624\" src=\"https:\/\/staging.corpoeducjeunesse.org\/clone\/wp-content\/uploads\/2019\/05\/bc3a9nc3a9voles-6-1.jpg\" alt=\"\" class=\"wp-image-624\" srcset=\"https:\/\/staging.corpoeducjeunesse.org\/clone\/wp-content\/uploads\/2019\/05\/bc3a9nc3a9voles-6-1.jpg 960w, https:\/\/staging.corpoeducjeunesse.org\/clone\/wp-content\/uploads\/2019\/05\/bc3a9nc3a9voles-6-1-300x225.jpg 300w, https:\/\/staging.corpoeducjeunesse.org\/clone\/wp-content\/uploads\/2019\/05\/bc3a9nc3a9voles-6-1-768x576.jpg 768w\" sizes=\"auto, (max-width: 960px) 100vw, 960px\" \/><\/a><figcaption class=\"wp-element-caption\">Premi\u00e8re visite \u00e0 Plein Air Lanaudia<\/figcaption><\/figure>\n\n\n\n<figure class=\"wp-block-image\"><a href=\"https:\/\/staging.corpoeducjeunesse.org\/clone\/?attachment_id=647\"><img loading=\"lazy\" decoding=\"async\" width=\"1024\" height=\"576\" data-id=\"647\" src=\"https:\/\/staging.corpoeducjeunesse.org\/clone\/wp-content\/uploads\/2019\/07\/dsc_0145-1-1024x576.jpg\" alt=\"\" class=\"wp-image-647\" srcset=\"https:\/\/staging.corpoeducjeunesse.org\/clone\/wp-content\/uploads\/2019\/07\/dsc_0145-1-1024x576.jpg 1024w, https:\/\/staging.corpoeducjeunesse.org\/clone\/wp-content\/uploads\/2019\/07\/dsc_0145-1-300x169.jpg 300w, https:\/\/staging.corpoeducjeunesse.org\/clone\/wp-content\/uploads\/2019\/07\/dsc_0145-1-768x432.jpg 768w, https:\/\/staging.corpoeducjeunesse.org\/clone\/wp-content\/uploads\/2019\/07\/dsc_0145-1-1536x864.jpg 1536w, https:\/\/staging.corpoeducjeunesse.org\/clone\/wp-content\/uploads\/2019\/07\/dsc_0145-1-2048x1152.jpg 2048w\" sizes=\"auto, (max-width: 1024px) 100vw, 1024px\" \/><\/a><figcaption class=\"wp-element-caption\">Keven, Giulio, Gr\u00e9gory, Kawthar et Amaury<\/figcaption><\/figure>\n\n\n\n<figure class=\"wp-block-image\"><a href=\"https:\/\/staging.corpoeducjeunesse.org\/clone\/?attachment_id=599\"><img loading=\"lazy\" decoding=\"async\" width=\"960\" height=\"959\" data-id=\"599\" src=\"https:\/\/staging.corpoeducjeunesse.org\/clone\/wp-content\/uploads\/2019\/05\/46949330_1869975036448615_45633108396998656_n.jpg\" alt=\"\" class=\"wp-image-599\" srcset=\"https:\/\/staging.corpoeducjeunesse.org\/clone\/wp-content\/uploads\/2019\/05\/46949330_1869975036448615_45633108396998656_n.jpg 960w, https:\/\/staging.corpoeducjeunesse.org\/clone\/wp-content\/uploads\/2019\/05\/46949330_1869975036448615_45633108396998656_n-300x300.jpg 300w, https:\/\/staging.corpoeducjeunesse.org\/clone\/wp-content\/uploads\/2019\/05\/46949330_1869975036448615_45633108396998656_n-150x150.jpg 150w, https:\/\/staging.corpoeducjeunesse.org\/clone\/wp-content\/uploads\/2019\/05\/46949330_1869975036448615_45633108396998656_n-768x767.jpg 768w\" sizes=\"auto, (max-width: 960px) 100vw, 960px\" \/><\/a><figcaption class=\"wp-element-caption\">Yanick, Keven, Marc, Ren\u00e9e-Maude, Arnaud, Tad\u00e9ane et Amaury<\/figcaption><\/figure>\n\n\n\n<figure class=\"wp-block-image\"><a href=\"https:\/\/staging.corpoeducjeunesse.org\/clone\/?attachment_id=586\"><img loading=\"lazy\" decoding=\"async\" width=\"960\" height=\"720\" data-id=\"586\" src=\"https:\/\/staging.corpoeducjeunesse.org\/clone\/wp-content\/uploads\/2019\/05\/44082448_332046427555714_7274694079865159680_n.jpg\" alt=\"\" class=\"wp-image-586\" srcset=\"https:\/\/staging.corpoeducjeunesse.org\/clone\/wp-content\/uploads\/2019\/05\/44082448_332046427555714_7274694079865159680_n.jpg 960w, https:\/\/staging.corpoeducjeunesse.org\/clone\/wp-content\/uploads\/2019\/05\/44082448_332046427555714_7274694079865159680_n-300x225.jpg 300w, https:\/\/staging.corpoeducjeunesse.org\/clone\/wp-content\/uploads\/2019\/05\/44082448_332046427555714_7274694079865159680_n-768x576.jpg 768w\" sizes=\"auto, (max-width: 960px) 100vw, 960px\" \/><\/a><figcaption class=\"wp-element-caption\">Rodrigo, Amaury et Keven : Coordonateurs<\/figcaption><\/figure>\n\n\n\n<figure class=\"wp-block-image\"><a href=\"https:\/\/staging.corpoeducjeunesse.org\/clone\/?attachment_id=584\"><img loading=\"lazy\" decoding=\"async\" width=\"1024\" height=\"768\" data-id=\"584\" src=\"https:\/\/staging.corpoeducjeunesse.org\/clone\/wp-content\/uploads\/2019\/05\/img_2286-1024x768.jpg\" alt=\"\" class=\"wp-image-584\" srcset=\"https:\/\/staging.corpoeducjeunesse.org\/clone\/wp-content\/uploads\/2019\/05\/img_2286-1024x768.jpg 1024w, https:\/\/staging.corpoeducjeunesse.org\/clone\/wp-content\/uploads\/2019\/05\/img_2286-300x225.jpg 300w, https:\/\/staging.corpoeducjeunesse.org\/clone\/wp-content\/uploads\/2019\/05\/img_2286-768x576.jpg 768w, https:\/\/staging.corpoeducjeunesse.org\/clone\/wp-content\/uploads\/2019\/05\/img_2286-1536x1152.jpg 1536w, https:\/\/staging.corpoeducjeunesse.org\/clone\/wp-content\/uploads\/2019\/05\/img_2286-2048x1536.jpg 2048w\" sizes=\"auto, (max-width: 1024px) 100vw, 1024px\" \/><\/a><figcaption class=\"wp-element-caption\">Mikel et Rodrigo<\/figcaption><\/figure>\n\n\n\n<figure class=\"wp-block-image\"><a href=\"https:\/\/staging.corpoeducjeunesse.org\/clone\/?attachment_id=573\"><img loading=\"lazy\" decoding=\"async\" width=\"1024\" height=\"512\" data-id=\"573\" src=\"https:\/\/staging.corpoeducjeunesse.org\/clone\/wp-content\/uploads\/2019\/05\/104-1024x512.jpg\" alt=\"\" class=\"wp-image-573\" srcset=\"https:\/\/staging.corpoeducjeunesse.org\/clone\/wp-content\/uploads\/2019\/05\/104-1024x512.jpg 1024w, https:\/\/staging.corpoeducjeunesse.org\/clone\/wp-content\/uploads\/2019\/05\/104-300x150.jpg 300w, https:\/\/staging.corpoeducjeunesse.org\/clone\/wp-content\/uploads\/2019\/05\/104-768x384.jpg 768w, https:\/\/staging.corpoeducjeunesse.org\/clone\/wp-content\/uploads\/2019\/05\/104-1536x768.jpg 1536w, https:\/\/staging.corpoeducjeunesse.org\/clone\/wp-content\/uploads\/2019\/05\/104.jpg 2048w\" sizes=\"auto, (max-width: 1024px) 100vw, 1024px\" \/><\/a><figcaption class=\"wp-element-caption\">M\u00e9lia, Kamilia et Mikel<\/figcaption><\/figure>\n\n\n\n<figure class=\"wp-block-image\"><a href=\"https:\/\/staging.corpoeducjeunesse.org\/clone\/?attachment_id=163\"><img loading=\"lazy\" decoding=\"async\" width=\"1024\" height=\"728\" data-id=\"163\" src=\"https:\/\/staging.corpoeducjeunesse.org\/clone\/wp-content\/uploads\/2018\/09\/barmen21-1024x728.jpg\" alt=\"\" class=\"wp-image-163\" srcset=\"https:\/\/staging.corpoeducjeunesse.org\/clone\/wp-content\/uploads\/2018\/09\/barmen21-1024x728.jpg 1024w, https:\/\/staging.corpoeducjeunesse.org\/clone\/wp-content\/uploads\/2018\/09\/barmen21-300x213.jpg 300w, https:\/\/staging.corpoeducjeunesse.org\/clone\/wp-content\/uploads\/2018\/09\/barmen21-768x546.jpg 768w, https:\/\/staging.corpoeducjeunesse.org\/clone\/wp-content\/uploads\/2018\/09\/barmen21.jpg 1108w\" sizes=\"auto, (max-width: 1024px) 100vw, 1024px\" \/><\/a><figcaption class=\"wp-element-caption\">Keven, Amaury et Myron<\/figcaption><\/figure>\n\n\n\n<figure class=\"wp-block-image\"><a href=\"https:\/\/staging.corpoeducjeunesse.org\/clone\/?attachment_id=159\"><img loading=\"lazy\" decoding=\"async\" width=\"1024\" height=\"576\" data-id=\"159\" src=\"https:\/\/staging.corpoeducjeunesse.org\/clone\/wp-content\/uploads\/2018\/09\/bc3a9nc3a9voles-4-1024x576.jpg\" alt=\"\" class=\"wp-image-159\" srcset=\"https:\/\/staging.corpoeducjeunesse.org\/clone\/wp-content\/uploads\/2018\/09\/bc3a9nc3a9voles-4-1024x576.jpg 1024w, https:\/\/staging.corpoeducjeunesse.org\/clone\/wp-content\/uploads\/2018\/09\/bc3a9nc3a9voles-4-300x169.jpg 300w, https:\/\/staging.corpoeducjeunesse.org\/clone\/wp-content\/uploads\/2018\/09\/bc3a9nc3a9voles-4-768x432.jpg 768w, https:\/\/staging.corpoeducjeunesse.org\/clone\/wp-content\/uploads\/2018\/09\/bc3a9nc3a9voles-4.jpg 1280w\" sizes=\"auto, (max-width: 1024px) 100vw, 1024px\" \/><\/a><figcaption class=\"wp-element-caption\">Lilith, Keven, Fabio, Rodrigo et Marsichka<\/figcaption><\/figure>\n\n\n\n<figure class=\"wp-block-image\"><a href=\"https:\/\/staging.corpoeducjeunesse.org\/clone\/?attachment_id=160\"><img loading=\"lazy\" decoding=\"async\" width=\"1024\" height=\"576\" data-id=\"160\" src=\"https:\/\/staging.corpoeducjeunesse.org\/clone\/wp-content\/uploads\/2018\/09\/bc3a9nc3a9voles-5-1024x576.jpg\" alt=\"\" class=\"wp-image-160\" srcset=\"https:\/\/staging.corpoeducjeunesse.org\/clone\/wp-content\/uploads\/2018\/09\/bc3a9nc3a9voles-5-1024x576.jpg 1024w, https:\/\/staging.corpoeducjeunesse.org\/clone\/wp-content\/uploads\/2018\/09\/bc3a9nc3a9voles-5-300x169.jpg 300w, https:\/\/staging.corpoeducjeunesse.org\/clone\/wp-content\/uploads\/2018\/09\/bc3a9nc3a9voles-5-768x432.jpg 768w, https:\/\/staging.corpoeducjeunesse.org\/clone\/wp-content\/uploads\/2018\/09\/bc3a9nc3a9voles-5.jpg 1184w\" sizes=\"auto, (max-width: 1024px) 100vw, 1024px\" \/><\/a><figcaption class=\"wp-element-caption\">Arnaud, Keven et Dana\u00e9<\/figcaption><\/figure>\n\n\n\n<figure class=\"wp-block-image\"><a href=\"https:\/\/staging.corpoeducjeunesse.org\/clone\/?attachment_id=165\"><img loading=\"lazy\" decoding=\"async\" width=\"1024\" height=\"684\" data-id=\"165\" src=\"https:\/\/staging.corpoeducjeunesse.org\/clone\/wp-content\/uploads\/2018\/09\/bc3a9nc3a9voles-8-1024x684.jpg\" alt=\"\" class=\"wp-image-165\" srcset=\"https:\/\/staging.corpoeducjeunesse.org\/clone\/wp-content\/uploads\/2018\/09\/bc3a9nc3a9voles-8-1024x684.jpg 1024w, https:\/\/staging.corpoeducjeunesse.org\/clone\/wp-content\/uploads\/2018\/09\/bc3a9nc3a9voles-8-300x200.jpg 300w, https:\/\/staging.corpoeducjeunesse.org\/clone\/wp-content\/uploads\/2018\/09\/bc3a9nc3a9voles-8-768x513.jpg 768w, https:\/\/staging.corpoeducjeunesse.org\/clone\/wp-content\/uploads\/2018\/09\/bc3a9nc3a9voles-8-1536x1025.jpg 1536w, https:\/\/staging.corpoeducjeunesse.org\/clone\/wp-content\/uploads\/2018\/09\/bc3a9nc3a9voles-8.jpg 1618w\" sizes=\"auto, (max-width: 1024px) 100vw, 1024px\" \/><\/a><figcaption class=\"wp-element-caption\">Serveurs\/cuisiniers lors du cocktail d\u00eenatoire<\/figcaption><\/figure>\n\n\n\n<figure class=\"wp-block-image\"><a href=\"https:\/\/staging.corpoeducjeunesse.org\/clone\/?attachment_id=164\"><img loading=\"lazy\" decoding=\"async\" width=\"1024\" height=\"768\" data-id=\"164\" src=\"https:\/\/staging.corpoeducjeunesse.org\/clone\/wp-content\/uploads\/2018\/09\/bc3a9nc3a9voles-7-1024x768.jpg\" alt=\"\" class=\"wp-image-164\" srcset=\"https:\/\/staging.corpoeducjeunesse.org\/clone\/wp-content\/uploads\/2018\/09\/bc3a9nc3a9voles-7-1024x768.jpg 1024w, https:\/\/staging.corpoeducjeunesse.org\/clone\/wp-content\/uploads\/2018\/09\/bc3a9nc3a9voles-7-300x225.jpg 300w, https:\/\/staging.corpoeducjeunesse.org\/clone\/wp-content\/uploads\/2018\/09\/bc3a9nc3a9voles-7-768x576.jpg 768w, https:\/\/staging.corpoeducjeunesse.org\/clone\/wp-content\/uploads\/2018\/09\/bc3a9nc3a9voles-7-1536x1152.jpg 1536w, https:\/\/staging.corpoeducjeunesse.org\/clone\/wp-content\/uploads\/2018\/09\/bc3a9nc3a9voles-7.jpg 2048w\" sizes=\"auto, (max-width: 1024px) 100vw, 1024px\" \/><\/a><\/figure>\n\n\n\n<figure class=\"wp-block-image\"><a href=\"https:\/\/staging.corpoeducjeunesse.org\/clone\/?attachment_id=162\"><img loading=\"lazy\" decoding=\"async\" width=\"1024\" height=\"768\" data-id=\"162\" src=\"https:\/\/staging.corpoeducjeunesse.org\/clone\/wp-content\/uploads\/2018\/09\/bc3a9nc3a9voles-1024x768.jpg\" alt=\"\" class=\"wp-image-162\" srcset=\"https:\/\/staging.corpoeducjeunesse.org\/clone\/wp-content\/uploads\/2018\/09\/bc3a9nc3a9voles-1024x768.jpg 1024w, https:\/\/staging.corpoeducjeunesse.org\/clone\/wp-content\/uploads\/2018\/09\/bc3a9nc3a9voles-300x225.jpg 300w, https:\/\/staging.corpoeducjeunesse.org\/clone\/wp-content\/uploads\/2018\/09\/bc3a9nc3a9voles-768x576.jpg 768w, https:\/\/staging.corpoeducjeunesse.org\/clone\/wp-content\/uploads\/2018\/09\/bc3a9nc3a9voles-1536x1152.jpg 1536w, https:\/\/staging.corpoeducjeunesse.org\/clone\/wp-content\/uploads\/2018\/09\/bc3a9nc3a9voles.jpg 2048w\" sizes=\"auto, (max-width: 1024px) 100vw, 1024px\" \/><\/a><\/figure>\n\n\n\n<figure class=\"wp-block-image\"><a href=\"https:\/\/staging.corpoeducjeunesse.org\/clone\/?attachment_id=158\"><img loading=\"lazy\" decoding=\"async\" width=\"768\" height=\"1024\" data-id=\"158\" src=\"https:\/\/staging.corpoeducjeunesse.org\/clone\/wp-content\/uploads\/2018\/09\/bc3a9nc3a9voles-3-768x1024.jpg\" alt=\"\" class=\"wp-image-158\" srcset=\"https:\/\/staging.corpoeducjeunesse.org\/clone\/wp-content\/uploads\/2018\/09\/bc3a9nc3a9voles-3-768x1024.jpg 768w, https:\/\/staging.corpoeducjeunesse.org\/clone\/wp-content\/uploads\/2018\/09\/bc3a9nc3a9voles-3-225x300.jpg 225w, https:\/\/staging.corpoeducjeunesse.org\/clone\/wp-content\/uploads\/2018\/09\/bc3a9nc3a9voles-3-1152x1536.jpg 1152w, https:\/\/staging.corpoeducjeunesse.org\/clone\/wp-content\/uploads\/2018\/09\/bc3a9nc3a9voles-3.jpg 1536w\" sizes=\"auto, (max-width: 768px) 100vw, 768px\" \/><\/a><figcaption class=\"wp-element-caption\">Amaury, Dana\u00e9, Giulio et Rodrigo<\/figcaption><\/figure>\n\n\n\n<figure class=\"wp-block-image\"><a href=\"https:\/\/staging.corpoeducjeunesse.org\/clone\/?attachment_id=157\"><img loading=\"lazy\" decoding=\"async\" width=\"1024\" height=\"768\" data-id=\"157\" src=\"https:\/\/staging.corpoeducjeunesse.org\/clone\/wp-content\/uploads\/2018\/09\/bc3a9nc3a9vole-2-1024x768.jpg\" alt=\"\" class=\"wp-image-157\" srcset=\"https:\/\/staging.corpoeducjeunesse.org\/clone\/wp-content\/uploads\/2018\/09\/bc3a9nc3a9vole-2-1024x768.jpg 1024w, https:\/\/staging.corpoeducjeunesse.org\/clone\/wp-content\/uploads\/2018\/09\/bc3a9nc3a9vole-2-300x225.jpg 300w, https:\/\/staging.corpoeducjeunesse.org\/clone\/wp-content\/uploads\/2018\/09\/bc3a9nc3a9vole-2-768x576.jpg 768w, https:\/\/staging.corpoeducjeunesse.org\/clone\/wp-content\/uploads\/2018\/09\/bc3a9nc3a9vole-2-1536x1152.jpg 1536w, https:\/\/staging.corpoeducjeunesse.org\/clone\/wp-content\/uploads\/2018\/09\/bc3a9nc3a9vole-2.jpg 2048w\" sizes=\"auto, (max-width: 1024px) 100vw, 1024px\" \/><\/a><figcaption class=\"wp-element-caption\">Souper des b\u00e9n\u00e9voles<\/figcaption><\/figure>\n\n\n\n<figure class=\"wp-block-image\"><a href=\"https:\/\/staging.corpoeducjeunesse.org\/clone\/?attachment_id=131\"><img loading=\"lazy\" decoding=\"async\" width=\"1024\" height=\"764\" data-id=\"131\" src=\"https:\/\/staging.corpoeducjeunesse.org\/clone\/wp-content\/uploads\/2018\/09\/barmen-1024x764.jpg\" alt=\"\" class=\"wp-image-131\" srcset=\"https:\/\/staging.corpoeducjeunesse.org\/clone\/wp-content\/uploads\/2018\/09\/barmen-1024x764.jpg 1024w, https:\/\/staging.corpoeducjeunesse.org\/clone\/wp-content\/uploads\/2018\/09\/barmen-300x224.jpg 300w, https:\/\/staging.corpoeducjeunesse.org\/clone\/wp-content\/uploads\/2018\/09\/barmen-768x573.jpg 768w, https:\/\/staging.corpoeducjeunesse.org\/clone\/wp-content\/uploads\/2018\/09\/barmen.jpg 1050w\" sizes=\"auto, (max-width: 1024px) 100vw, 1024px\" \/><\/a><figcaption class=\"wp-element-caption\">Gabrielle, Keven et Myron au cocktail d\u00eenatoire<\/figcaption><\/figure>\n<\/figure>\n","protected":false},"excerpt":{"rendered":"<p>Sans l&rsquo;appui de ses tr\u00e8s nombreux b\u00e9n\u00e9voles, la Corporation d&rsquo;\u00c9ducation Jeunesse n&rsquo;en serait certainement pas l\u00e0 o\u00f9 elle est aujourd&rsquo;hui. C&rsquo;est pouss\u00e9e par ses b\u00e9n\u00e9voles qui s&rsquo;impliquent \u00e9norm\u00e9ment que la C\u00c9J peut poursuivre sa mission et atteindre ses objectifs. Que ce soit pour venir animer des s\u00e9jours comme des camps \u00e9vasion familiale, occuper un poste [&hellip;]<\/p>\n","protected":false},"author":2,"featured_media":0,"parent":51,"menu_order":0,"comment_status":"closed","ping_status":"closed","template":"","meta":{"footnotes":""},"class_list":["post-83","page","type-page","status-publish","hentry"],"_links":{"self":[{"href":"https:\/\/staging.corpoeducjeunesse.org\/clone\/index.php?rest_route=\/wp\/v2\/pages\/83","targetHints":{"allow":["GET"]}}],"collection":[{"href":"https:\/\/staging.corpoeducjeunesse.org\/clone\/index.php?rest_route=\/wp\/v2\/pages"}],"about":[{"href":"https:\/\/staging.corpoeducjeunesse.org\/clone\/index.php?rest_route=\/wp\/v2\/types\/page"}],"author":[{"embeddable":true,"href":"https:\/\/staging.corpoeducjeunesse.org\/clone\/index.php?rest_route=\/wp\/v2\/users\/2"}],"replies":[{"embeddable":true,"href":"https:\/\/staging.corpoeducjeunesse.org\/clone\/index.php?rest_route=%2Fwp%2Fv2%2Fcomments&post=83"}],"version-history":[{"count":1,"href":"https:\/\/staging.corpoeducjeunesse.org\/clone\/index.php?rest_route=\/wp\/v2\/pages\/83\/revisions"}],"predecessor-version":[{"id":1895,"href":"https:\/\/staging.corpoeducjeunesse.org\/clone\/index.php?rest_route=\/wp\/v2\/pages\/83\/revisions\/1895"}],"up":[{"embeddable":true,"href":"https:\/\/staging.corpoeducjeunesse.org\/clone\/index.php?rest_route=\/wp\/v2\/pages\/51"}],"wp:attachment":[{"href":"https:\/\/staging.corpoeducjeunesse.org\/clone\/index.php?rest_route=%2Fwp%2Fv2%2Fmedia&parent=83"}],"curies":[{"name":"wp","href":"https:\/\/api.w.org\/{rel}","templated":true}]}}